{"id":8,"date":"2024-04-19T19:03:29","date_gmt":"2024-04-19T19:03:29","guid":{"rendered":"https:\/\/drcsertan.hu\/?page_id=8"},"modified":"2024-06-06T12:40:50","modified_gmt":"2024-06-06T12:40:50","slug":"hamarosan","status":"publish","type":"page","link":"https:\/\/drcsertan.hu\/en\/hamarosan\/","title":{"rendered":"Hamarosan"},"content":{"rendered":"<div data-elementor-type=\"wp-page\" data-elementor-id=\"8\" class=\"elementor elementor-8\">\n\t\t\t\t<div class=\"elementor-element elementor-element-6a52412a e-flex e-con-boxed cmsmasters-block-default e-con e-parent\" data-id=\"6a52412a\" data-element_type=\"container\" data-settings=\"{&quot;background_background&quot;:&quot;classic&quot;}\">\n\t\t\t\t\t<div class=\"e-con-inner\">\n\t\t<div class=\"elementor-element elementor-element-3148d99b e-con-full e-flex cmsmasters-block-default e-con e-child\" data-id=\"3148d99b\" data-element_type=\"container\">\n\t\t\t\t<div class=\"elementor-element elementor-element-1f15ea35 cmsmasters-block-default cmsmasters-sticky-default elementor-widget elementor-widget-image\" data-id=\"1f15ea35\" data-element_type=\"widget\" data-widget_type=\"image.default\">\n\t\t\t\t<div class=\"elementor-widget-container\">\n\t\t\t\t\t\t\t\t\t\t\t\t\t\t\t<img fetchpriority=\"high\" decoding=\"async\" width=\"1024\" height=\"1024\" src=\"image\/png;base64,iVBORw0KGgoAAAANSUhEUgAAAAEAAAABAQMAAAAl21bKAAAAA1BMVEUAAP+KeNJXAAAAAXRSTlMAQObYZgAAAAlwSFlzAAAOxAAADsQBlSsOGwAAAApJREFUCNdjYAAAAAIAAeIhvDMAAAAASUVORK5CYII=\" class=\"attachment-large size-large wp-image-15 cmsmasters_img cmsmasters-lazyload lazyload\" alt=\"Dr_Csert\u00e1n_Bal\u00e1zs_\u00fcgyv\u00e9d_balaton_budapest\" data-sizes=\"(max-width: 1024px) 100vw, 1024px\" data-src=\"https:\/\/drcsertan.hu\/wp-content\/uploads\/2024\/04\/Dr_Csertan_Balazs_ugyved_balaton_budapest_4-1024x1024.jpg\" data-srcset=\"https:\/\/drcsertan.hu\/wp-content\/uploads\/2024\/04\/Dr_Csertan_Balazs_ugyved_balaton_budapest_4-1024x1024.jpg 1024w, https:\/\/drcsertan.hu\/wp-content\/uploads\/2024\/04\/Dr_Csertan_Balazs_ugyved_balaton_budapest_4-300x300.jpg 300w, https:\/\/drcsertan.hu\/wp-content\/uploads\/2024\/04\/Dr_Csertan_Balazs_ugyved_balaton_budapest_4-150x150.jpg 150w, https:\/\/drcsertan.hu\/wp-content\/uploads\/2024\/04\/Dr_Csertan_Balazs_ugyved_balaton_budapest_4-768x768.jpg 768w, https:\/\/drcsertan.hu\/wp-content\/uploads\/2024\/04\/Dr_Csertan_Balazs_ugyved_balaton_budapest_4.jpg 1400w\" \/>\t\t\t\t\t\t\t\t\t\t\t\t\t\t\t<\/div>\n\t\t\t\t<\/div>\n\t\t\t\t<\/div>\n\t\t<div class=\"elementor-element elementor-element-7bed8 e-con-full e-flex cmsmasters-block-default e-con e-child\" data-id=\"7bed8\" data-element_type=\"container\">\n\t\t\t\t<div class=\"elementor-element elementor-element-3eddee63 cmsmasters-block-default cmsmasters-sticky-default elementor-widget elementor-widget-heading\" data-id=\"3eddee63\" data-element_type=\"widget\" data-widget_type=\"heading.default\">\n\t\t\t\t<div class=\"elementor-widget-container\">\n\t\t\t\t\t<h1 class=\"elementor-heading-title elementor-size-default\">Dr. Bal\u00e1zs Csertan<\/h1>\t\t\t\t<\/div>\n\t\t\t\t<\/div>\n\t\t\t\t<div class=\"elementor-element elementor-element-57d889de cmsmasters-block-default cmsmasters-sticky-default elementor-widget elementor-widget-text-editor\" data-id=\"57d889de\" data-element_type=\"widget\" data-widget_type=\"text-editor.default\">\n\t\t\t\t<div class=\"elementor-widget-container\">\n\t\t\t\t\t\t\t\t\t<p>Lawyer<\/p>\t\t\t\t\t\t\t\t<\/div>\n\t\t\t\t<\/div>\n\t\t\t\t<div class=\"elementor-element elementor-element-7a23074 cmsmasters-block-default cmsmasters-sticky-default elementor-widget elementor-widget-text-editor\" data-id=\"7a23074\" data-element_type=\"widget\" data-widget_type=\"text-editor.default\">\n\t\t\t\t<div class=\"elementor-widget-container\">\n\t\t\t\t\t\t\t\t\t<p>The site is under development.<\/p>\t\t\t\t\t\t\t\t<\/div>\n\t\t\t\t<\/div>\n\t\t\t\t<\/div>\n\t\t\t\t\t<\/div>\n\t\t\t\t<\/div>\n\t\t\t\t<\/div>","protected":false},"excerpt":{"rendered":"<p>Dr. Csert\u00e1n Bal\u00e1zs \u00dcgyv\u00e9d Az oldal fejleszt\u00e9s alatt.<\/p>","protected":false},"author":1,"featured_media":0,"parent":0,"menu_order":0,"comment_status":"closed","ping_status":"closed","template":"elementor_canvas","meta":{"_acf_changed":false,"inline_featured_image":false,"_monsterinsights_skip_tracking":false,"_monsterinsights_sitenote_active":false,"_monsterinsights_sitenote_note":"","_monsterinsights_sitenote_category":0,"footnotes":""},"class_list":["post-8","page","type-page","status-publish","hentry"],"acf":[],"yoast_head":"<!-- This site is optimized with the Yoast SEO plugin v26.5 - https:\/\/yoast.com\/wordpress\/plugins\/seo\/ -->\n<title>Hamarosan - Dr. Csert\u00e1n Bal\u00e1zs<\/title>\n<meta name=\"robots\" content=\"index, follow, max-snippet:-1, max-image-preview:large, max-video-preview:-1\" \/>\n<link rel=\"canonical\" href=\"https:\/\/drcsertan.hu\/en\/hamarosan\/\" \/>\n<meta property=\"og:locale\" content=\"en_GB\" \/>\n<meta property=\"og:type\" content=\"article\" \/>\n<meta property=\"og:title\" content=\"Hamarosan - Dr. Csert\u00e1n Bal\u00e1zs\" \/>\n<meta property=\"og:description\" content=\"Dr. Csert\u00e1n Bal\u00e1zs \u00dcgyv\u00e9d Az oldal fejleszt\u00e9s alatt.\" \/>\n<meta property=\"og:url\" content=\"https:\/\/drcsertan.hu\/en\/hamarosan\/\" \/>\n<meta property=\"og:site_name\" content=\"Dr. Csert\u00e1n Bal\u00e1zs\" \/>\n<meta property=\"article:modified_time\" content=\"2024-06-06T12:40:50+00:00\" \/>\n<meta name=\"twitter:card\" content=\"summary_large_image\" \/>\n<script type=\"application\/ld+json\" class=\"yoast-schema-graph\">{\"@context\":\"https:\/\/schema.org\",\"@graph\":[{\"@type\":\"WebPage\",\"@id\":\"https:\/\/drcsertan.hu\/hamarosan\/\",\"url\":\"https:\/\/drcsertan.hu\/hamarosan\/\",\"name\":\"Hamarosan - Dr. Csert\u00e1n Bal\u00e1zs\",\"isPartOf\":{\"@id\":\"https:\/\/drcsertan.hu\/#website\"},\"datePublished\":\"2024-04-19T19:03:29+00:00\",\"dateModified\":\"2024-06-06T12:40:50+00:00\",\"breadcrumb\":{\"@id\":\"https:\/\/drcsertan.hu\/hamarosan\/#breadcrumb\"},\"inLanguage\":\"en-GB\",\"potentialAction\":[{\"@type\":\"ReadAction\",\"target\":[\"https:\/\/drcsertan.hu\/hamarosan\/\"]}]},{\"@type\":\"BreadcrumbList\",\"@id\":\"https:\/\/drcsertan.hu\/hamarosan\/#breadcrumb\",\"itemListElement\":[{\"@type\":\"ListItem\",\"position\":1,\"name\":\"Kezd\u0151lap\",\"item\":\"https:\/\/drcsertan.hu\/\"},{\"@type\":\"ListItem\",\"position\":2,\"name\":\"Hamarosan\"}]},{\"@type\":\"WebSite\",\"@id\":\"https:\/\/drcsertan.hu\/#website\",\"url\":\"https:\/\/drcsertan.hu\/\",\"name\":\"Dr. Csert\u00e1n Bal\u00e1zs\",\"description\":\"Dr. Csert\u00e1n Bal\u00e1zs \u00fcgyv\u00e9d\",\"potentialAction\":[{\"@type\":\"SearchAction\",\"target\":{\"@type\":\"EntryPoint\",\"urlTemplate\":\"https:\/\/drcsertan.hu\/?s={search_term_string}\"},\"query-input\":{\"@type\":\"PropertyValueSpecification\",\"valueRequired\":true,\"valueName\":\"search_term_string\"}}],\"inLanguage\":\"en-GB\"}]}<\/script>\n<!-- \/ Yoast SEO plugin. -->","yoast_head_json":{"title":"Hamarosan - Dr. Csert\u00e1n Bal\u00e1zs","robots":{"index":"index","follow":"follow","max-snippet":"max-snippet:-1","max-image-preview":"max-image-preview:large","max-video-preview":"max-video-preview:-1"},"canonical":"https:\/\/drcsertan.hu\/en\/hamarosan\/","og_locale":"en_GB","og_type":"article","og_title":"Hamarosan - Dr. Csert\u00e1n Bal\u00e1zs","og_description":"Dr. Csert\u00e1n Bal\u00e1zs \u00dcgyv\u00e9d Az oldal fejleszt\u00e9s alatt.","og_url":"https:\/\/drcsertan.hu\/en\/hamarosan\/","og_site_name":"Dr. Csert\u00e1n Bal\u00e1zs","article_modified_time":"2024-06-06T12:40:50+00:00","twitter_card":"summary_large_image","schema":{"@context":"https:\/\/schema.org","@graph":[{"@type":"WebPage","@id":"https:\/\/drcsertan.hu\/hamarosan\/","url":"https:\/\/drcsertan.hu\/hamarosan\/","name":"Hamarosan - Dr. Csert\u00e1n Bal\u00e1zs","isPartOf":{"@id":"https:\/\/drcsertan.hu\/#website"},"datePublished":"2024-04-19T19:03:29+00:00","dateModified":"2024-06-06T12:40:50+00:00","breadcrumb":{"@id":"https:\/\/drcsertan.hu\/hamarosan\/#breadcrumb"},"inLanguage":"en-GB","potentialAction":[{"@type":"ReadAction","target":["https:\/\/drcsertan.hu\/hamarosan\/"]}]},{"@type":"BreadcrumbList","@id":"https:\/\/drcsertan.hu\/hamarosan\/#breadcrumb","itemListElement":[{"@type":"ListItem","position":1,"name":"Kezd\u0151lap","item":"https:\/\/drcsertan.hu\/"},{"@type":"ListItem","position":2,"name":"Hamarosan"}]},{"@type":"WebSite","@id":"https:\/\/drcsertan.hu\/#website","url":"https:\/\/drcsertan.hu\/","name":"Dr. Bal\u00e1zs Csertan","description":"Dr. Bal\u00e1zs Csert\u00e1n, attorney","potentialAction":[{"@type":"SearchAction","target":{"@type":"EntryPoint","urlTemplate":"https:\/\/drcsertan.hu\/?s={search_term_string}"},"query-input":{"@type":"PropertyValueSpecification","valueRequired":true,"valueName":"search_term_string"}}],"inLanguage":"en-GB"}]}},"_links":{"self":[{"href":"https:\/\/drcsertan.hu\/en\/wp-json\/wp\/v2\/pages\/8","targetHints":{"allow":["GET"]}}],"collection":[{"href":"https:\/\/drcsertan.hu\/en\/wp-json\/wp\/v2\/pages"}],"about":[{"href":"https:\/\/drcsertan.hu\/en\/wp-json\/wp\/v2\/types\/page"}],"author":[{"embeddable":true,"href":"https:\/\/drcsertan.hu\/en\/wp-json\/wp\/v2\/users\/1"}],"replies":[{"embeddable":true,"href":"https:\/\/drcsertan.hu\/en\/wp-json\/wp\/v2\/comments?post=8"}],"version-history":[{"count":0,"href":"https:\/\/drcsertan.hu\/en\/wp-json\/wp\/v2\/pages\/8\/revisions"}],"wp:attachment":[{"href":"https:\/\/drcsertan.hu\/en\/wp-json\/wp\/v2\/media?parent=8"}],"curies":[{"name":"wp","href":"https:\/\/api.w.org\/{rel}","templated":true}]}}