{"id":3,"date":"2024-04-19T18:49:21","date_gmt":"2024-04-19T18:49:21","guid":{"rendered":"https:\/\/drcsertan.hu\/?page_id=3"},"modified":"2025-02-28T09:21:28","modified_gmt":"2025-02-28T09:21:28","slug":"adatvedelmi-nyilatkozat","status":"publish","type":"page","link":"https:\/\/drcsertan.hu\/en\/adatvedelmi-nyilatkozat\/","title":{"rendered":"Privacy Statement"},"content":{"rendered":"<div data-elementor-type=\"wp-page\" data-elementor-id=\"3\" class=\"elementor elementor-3\">\n\t\t\t\t\t\t<section class=\"elementor-section elementor-top-section elementor-element elementor-element-a783e9c elementor-section-boxed elementor-section-height-default elementor-section-height-default cmsmasters-block-default\" data-id=\"a783e9c\" data-element_type=\"section\">\n\t\t\t\t\t\t<div class=\"elementor-container elementor-column-gap-default\">\n\t\t\t\t\t<div class=\"elementor-column elementor-col-100 elementor-top-column elementor-element elementor-element-65d17947\" data-id=\"65d17947\" data-element_type=\"column\">\n\t\t\t<div class=\"elementor-widget-wrap elementor-element-populated\">\n\t\t\t\t\t\t<div class=\"elementor-element elementor-element-45df21c9 elementor-widget__width-initial cmsmasters-block-default cmsmasters-sticky-default elementor-widget elementor-widget-heading\" data-id=\"45df21c9\" data-element_type=\"widget\" data-widget_type=\"heading.default\">\n\t\t\t\t<div class=\"elementor-widget-container\">\n\t\t\t\t\t<h1 class=\"elementor-heading-title elementor-size-default\">PRIVACY <br>DECLARATION<\/h1>\t\t\t\t<\/div>\n\t\t\t\t<\/div>\n\t\t\t\t<div class=\"elementor-element elementor-element-532c0ffa cmsmasters-block-default cmsmasters-sticky-default elementor-widget elementor-widget-text-editor\" data-id=\"532c0ffa\" data-element_type=\"widget\" data-widget_type=\"text-editor.default\">\n\t\t\t\t<div class=\"elementor-widget-container\">\n\t\t\t\t\t\t\t\t\t<h4>1, INTRODUCTION<\/h4>\n<p>It is very important for us to comply with the currently valid data protection regulations and laws, so we will discuss and present them in detail below. <b>XY site and XY company<\/b>\u00a0 its data protection measures and data collection processes.<\/p>\n<p>The data is<b> XY<\/b> is managed by and this company is responsible for the processing of personal data.<\/p>\n<p>Contact details:<\/p>\n<p><b>Full legal name: XY<\/b><\/p>\n<p><b>Email address: XY<\/b><\/p>\n<p><b>Postal address: XY<\/b><\/p>\n<h4>2, WHAT PERSONAL DATA DO WE PROCESS AND FOR WHAT REASON?<\/h4>\n<p>Personal data is that which clearly enables the precise identification of an individual.<\/p>\n<p>On the XY website, we process the following personal data, specifying the legal basis:<\/p>\n<p><b>COMMUNICATION DATA<\/b><br \/>This includes any message you send to us via the website, email, social media message, or any other form of communication.<\/p>\n<p>We process and retain this data so that we can fulfill orders and to provide a basis for decision-making in the event of possible legal claims.<\/p>\n<p>Our legal basis for this processing is the user&#039;s justified interest in our activities, which is manifested in the messages addressed to us.<\/p>\n<p><b>CUSTOMER DATA<\/b><br \/>Which includes all data related to the purchase of products and services, such as the customer&#039;s name, shipping and billing address, email address, telephone number, and details of the product purchased.<\/p>\n<p>We process this data to successfully fulfill orders and to have legally adequate records of purchases.<\/p>\n<p>The legal basis for storing data is the fulfillment of the contract concluded with the order between the buyer and the seller. <b>XY<\/b>\u00a0 between.<\/p>\n<p><b>USER DATA<\/b><br \/>This includes data generated during the use of the website, which enables the technical operation of the site, to maintain the security of the site, to store backups of user activity, and to always provide you with access to the most relevant content possible.<\/p>\n<p>The legal basis for processing the data is the user&#039;s clear interest in our activities, for which their storage is necessary for the technical operation of the site.<\/p>\n<p><b>TECHNICAL DATA<\/b><br \/>This includes data generated during the use of the site, such as IP address, login information, browser data, time of visit to individual pages, page views and navigation paths, the number and time of page visits, time zones, and data about the device you use to view the site.<\/p>\n<p>The source of the data is our analytics software.<\/p>\n<p>We process this data to analyze user habits on the site, maintain the secure operation of our site, and understand the usefulness of our individual marketing decisions.<\/p>\n<p>The legal basis for processing data is the user&#039;s clear interest in our activities, which allows us to process this data in accordance with security requirements and use it to grow our business and operate more effectively.<\/p>\n<p><b>MARKETING DATA<\/b><br \/>This includes the visitor&#039;s preferences regarding the type of marketing content they would like to receive from us. We process this data to enable participation in prize competitions and to send advertising related to our products\/services in which the user has expressed interest.<\/p>\n<p>The legal basis for processing data is the user&#039;s clear interest in our activities, which allows us to process this data in accordance with security requirements and use it to grow our business and operate more effectively.<\/p>\n<p>We may occasionally use the collected data for purposes such as providing targeted, relevant advertising on the Facebook\u2122 platform and various dynamic advertising platforms, and measuring the effectiveness of the ads.<\/p>\n<p>The legal basis for processing data is the user&#039;s clear interest in our activities, which allows us to process this data in accordance with security requirements and use it to grow our business and operate more effectively.<\/p>\n<p>In the course of our activities, we do not collect sensitive data such as ethnicity, religious beliefs, sexual life and orientation, political opinions and trade union membership, or health background, and genetic or biometric information.<\/p>\n<h4>3, HOW DO WE COLLECT DATA?<\/h4>\n<p>We may collect personal data in ways that the user provides to us directly (for example, by placing an order or sending a message).<\/p>\n<p>Furthermore, certain data is collected automatically when you use the site, for example through so-called \u201ccookies\u201d and similar technologies. These only come into operation after you have given your consent.<\/p>\n<p>For more information, please see our Cookie Statement.<\/p>\n<p>We receive certain data from third-party partners, such as analytics providers such as Google (non-EU partner), advertising networks such as Facebook\u2122 (non-EU partner), and payment partners such as PayPal (non-EU partner) and Barion.<\/p>\n<h4>4, OUR PRACTICAL STEPS RELATED TO DATA PROTECTION<\/h4>\n<p>THE <b>XY<\/b> The protection of users&#039; data and compliance with applicable regulations are of utmost importance to us. Therefore, after conducting a data protection impact assessment on the site, we have prepared a list of the data collected, their necessity and legal basis, and their legal compliance.<span style=\"font-size: 21px;\"><br \/><\/span><\/p>\n<ul>\n<li>To protect the data entered in forms and generated on the site, we use SSL certification on the entire website (Let&#039;s Encrypt Authority X3 certification).<\/li>\n<\/ul>\n<ul>\n<li>To protect the site from attacks, we use premium security software (iThemes Security Pro) to protect stored data against so-called &quot;brute force&quot; and virus attacks.<\/li>\n<\/ul>\n<ul>\n<li>In the site&#039;s databases, purchase and user data are stored in encrypted form (pseudonymized), so they are not readable by third parties.<\/li>\n<\/ul>\n<ul>\n<li>In this privacy statement, we provide users with forms to request information about the processing of their personal data, and to modify or delete their personal data.<\/li>\n<\/ul>\n<p>Sometimes, in the interests of our business, it is necessary to provide data to our service partners (e.g. hosting provider, courier company, newsletter sending software).\u00a0<\/p>\n<p>In such cases, we always choose to comply with the requirements of the GDPR regulation and, in the case of a US-based partner, to participate in the EU-US Privacy Shield data protection initiative, and we sign a data management agreement with them, ensuring responsible data management.<\/p>\n<p>\u00a0<\/p>\n<h4>5, MARKETING COMMUNICATION<\/h4>\n<p>Marketing communication is essential for the business&#039;s operations. The legal basis for data processing in this regard is the interest shown in our services or the express consent of users.<\/p>\n<p>In accordance with the European Union&#039;s Privacy and Electronic Communications Regulations (PECR), we send marketing messages to our users if they have purchased from us or have expressly consented to receiving marketing messages.<\/p>\n<p>We always make it possible to suspend consent and unsubscribe from messages in a clearly visible way. You can find the unsubscribe link at the bottom of each email, or you can request removal from the database at <b>XY<\/b> by email.<\/p>\n<p>We may also send messages if you unsubscribe from marketing communications, but only for order fulfillment purposes.<\/p>\n<h4>6, NOTE ON PERSONAL DATA<\/h4>\n<p>Sometimes it is necessary to share certain personal data with certain of our partners in order to maintain normal business operations:<\/p>\n<p>-IT service providers and service providers performing troubleshooting and maintenance on computer systems<\/p>\n<p>-Expert partners such as lawyers, accountants, bankers, insurers<\/p>\n<p>-Government agencies that request reports on our activities<\/p>\n<p>-Payment service providers who securely handle bank card data<\/p>\n<p>-Courier services that fulfill incoming orders to the specified delivery address<\/p>\n<p><b>International data transfers<\/b><\/p>\n<p>We sometimes need to share user data with service partners outside the European Economic Area (EEA) in order to maintain our business.<\/p>\n<p>Countries outside the EEA often do not provide the same level of data protection, which is why European laws prohibit the export of data unless the appropriate conditions are met.<\/p>\n<p>Whenever personal data is transferred outside the EEA, we will take the following steps in addition to the steps discussed in Section 4 to ensure the secure handling of the data:<\/p>\n<p>-We only transfer data to countries that the European Commission considers appropriate in terms of data security.<\/p>\n<p>-We only use US-based services that are part of the EU-US Privacy Shield data security initiative.<\/p>\n<p>If the above is not met, we ask for the users&#039; express consent to the data transfer. Consent can be withdrawn at any time.<\/p>\n<p><b>Links to external sites<\/b><\/p>\n<p>This page occasionally contains links to external sites, or code snippets embedded in the page that enable the operation of external services.<\/p>\n<p>Clicking on these links or using embedded solutions may allow third parties to collect data about users.<\/p>\n<p>While we make every effort to properly vet our partners, we have no control over their privacy practices and are not responsible for their data protection practices.<\/p>\n<h4>7, DURATION OF DATA PROCESSING<\/h4>\n<p>We only store user data for as long as our legal\/accounting\/data provision obligations require it or it is necessary to operate the service.<\/p>\n<p>When deciding on the duration of storage, we consider the amount, nature and sensitivity of the data, and the potential impact of its leakage in the event of a data breach.<\/p>\n<p>For tax reasons, we need to retain customer billing and purchase data for at least 8 years to comply with our legal obligations.<\/p>\n<p>Under certain circumstances, we may use the data in an anonymized form for statistical purposes, in which case we will store the data indefinitely without notification.<\/p>\n<h4>8, VISITOR&#039;S RIGHTS<\/h4>\n<p>As a citizen of the European Union, the General Data Protection Regulation (GDPR) gives users of this site the following rights:<\/p>\n<p>a, Access to personal data<\/p>\n<p>Users of the site have the right to request a copy of the <b>XY<\/b> about personal data stored by. The request will generally be fulfilled free of charge, within 14 days of the request.<\/p>\n<p>In case of repeated, abusive, unjustified data requests, <b>XY<\/b> may charge a modest fee to secure the data, and additional time may be required to secure the data.<\/p>\n<p>Furthermore, the <b>XY<\/b>\u00a0 requests proof of identity before releasing data to prevent misuse. To request personal data, please use the contact form below:<\/p>\n<p>Data request \/ Data deletion \/ Data restriction<\/p>\n<p><b>CONTACT INTERFACE INSERT<\/b><\/p>\n<p>\u00a0<\/p>\n<p>b, Modifying personal data<\/p>\n<p>If personal data has been changed or has been provided incorrectly, users have the right to request that the data be changed. To change personal data, please contact us at <b>XY<\/b>\u00a0 by email.<\/p>\n<p>c, Request for deletion of personal data<\/p>\n<p>Users have the right to request the deletion of all their personal data. We will fulfill the request free of charge within 14 days of the request. After the deletion of personal data, the user account will not be accessible, so any purchased materials will also become inaccessible, as the personal data associated with the user account is essential to access the service.<\/p>\n<p>THE <b>XY\u00a0<\/b> requests proof of identity before deleting personal data to prevent misuse. To delete personal data, please use the contact form above.<\/p>\n<p>d, Request restriction of processing of personal data<\/p>\n<p>Users have the right to request that their data be restricted from being made available to third parties (service providers). When submitting the request, the service providers to whom the restriction is requested can also be named.<\/p>\n<p>It is important to note that cooperation with certain service providers is essential for the operation of the site (e.g. Barion as a payment service provider), so in the event of their restrictions, the site&#039;s services will become inaccessible to the user.<\/p>\n<p>THE <b>XY<\/b> requests proof of identity before restricting the transfer of personal data to prevent misuse. To restrict the transfer of personal data, please use the contact form above:<\/p>\n<p>In Hungary, the official body dealing with data protection is the National Authority for Data Protection and Freedom of Information (NAIH). Users can find out more about their data protection rights on the NAIH website.<\/p>\n<p>National Data Protection and Freedom of Information Authority,<br \/>1125 Budapest, Szil\u00e1gyi Erzs\u00e9bet fasor 22\/C., Mailing address: 1530 Budapest, P.O. Box: 5.,<br \/>Phone: 06.1.391.1400,<br \/>Fax: 06.1.391.1410,<br \/>E-mail: ugyfelszolgalat@naih.hu<br \/>Website: http:\/\/www.naih.hu<\/p>\n<h4>9, ANONYMIZED DATA AND \u201cCOOKIES\u201d<\/h4>\n<p>On the XY website, in e-mail messages and advertisements, we use so-called &quot;cookies&quot; and similar technologies, such as tracking codes, re-marketing tags, pixels, which are activated after the user&#039;s consent.<\/p>\n<p>These technologies help us better understand user behavior and interests, helping us operate more efficiently and effectively.<\/p>\n<p>Our goal is to <b>XY<\/b> to be as user-friendly and personal as possible. If the user wishes to prohibit the recording of non-personal data by these technologies, this can be done in the following ways:<\/p>\n<p>-the loading of cookies can be blocked using the cookie warnings displayed on the website<\/p>\n<p>-by disabling \u201ccookies\u201d in your browser<\/p>\n<p>THE <b>On XY<\/b> You can find more information about additional cookies and tracking codes in our Cookie Statement.<\/p>\t\t\t\t\t\t\t\t<\/div>\n\t\t\t\t<\/div>\n\t\t\t\t\t<\/div>\n\t\t<\/div>\n\t\t\t\t\t<\/div>\n\t\t<\/section>\n\t\t\t\t<\/div>","protected":false},"excerpt":{"rendered":"<p>ADATV\u00c9DELMI NYILATKOZAT 1, BEVEZET\u0150 Sz\u00e1munkra nagyon fontos, hogy betartsuk az aktu\u00e1lisan \u00e9rv\u00e9nyes adatv\u00e9delmi szab\u00e1lyoz\u00e1st \u00e9s t\u00f6rv\u00e9nyeket, \u00edgy az al\u00e1bbiakban r\u00e9szletesen t\u00e1rgyaljuk bemutatjuk a XY oldal \u00e9s XY c\u00e9g\u00a0 adatv\u00e9delemre ir\u00e1nyul\u00f3 l\u00e9p\u00e9seit, \u00e9s az adatgy\u0171jt\u00e9ssel kapcsolatos folyamatait. Az adatokat az XY kezeli, \u00e9s ez a c\u00e9g felel\u0151s a szem\u00e9lyes adatok kezel\u00e9s\u00e9\u00e9rt. Kapcsolati adatok: Teljes jogi n\u00e9v:&#8230;<\/p>","protected":false},"author":1,"featured_media":0,"parent":0,"menu_order":0,"comment_status":"closed","ping_status":"closed","template":"","meta":{"_acf_changed":false,"inline_featured_image":false,"_monsterinsights_skip_tracking":false,"_monsterinsights_sitenote_active":false,"_monsterinsights_sitenote_note":"","_monsterinsights_sitenote_category":0,"footnotes":""},"class_list":["post-3","page","type-page","status-publish","hentry"],"acf":[],"yoast_head":"<!-- This site is optimized with the Yoast SEO plugin v26.5 - https:\/\/yoast.com\/wordpress\/plugins\/seo\/ -->\n<title>Adatv\u00e9delmi Nyilatkozat - Dr. Csert\u00e1n Bal\u00e1zs<\/title>\n<meta name=\"robots\" content=\"index, follow, max-snippet:-1, max-image-preview:large, max-video-preview:-1\" \/>\n<link rel=\"canonical\" href=\"https:\/\/drcsertan.hu\/en\/adatvedelmi-nyilatkozat\/\" \/>\n<meta property=\"og:locale\" content=\"en_GB\" \/>\n<meta property=\"og:type\" content=\"article\" \/>\n<meta property=\"og:title\" content=\"Adatv\u00e9delmi Nyilatkozat - Dr. Csert\u00e1n Bal\u00e1zs\" \/>\n<meta property=\"og:description\" content=\"ADATV\u00c9DELMI NYILATKOZAT 1, BEVEZET\u0150 Sz\u00e1munkra nagyon fontos, hogy betartsuk az aktu\u00e1lisan \u00e9rv\u00e9nyes adatv\u00e9delmi szab\u00e1lyoz\u00e1st \u00e9s t\u00f6rv\u00e9nyeket, \u00edgy az al\u00e1bbiakban r\u00e9szletesen t\u00e1rgyaljuk bemutatjuk a XY oldal \u00e9s XY c\u00e9g\u00a0 adatv\u00e9delemre ir\u00e1nyul\u00f3 l\u00e9p\u00e9seit, \u00e9s az adatgy\u0171jt\u00e9ssel kapcsolatos folyamatait. Az adatokat az XY kezeli, \u00e9s ez a c\u00e9g felel\u0151s a szem\u00e9lyes adatok kezel\u00e9s\u00e9\u00e9rt. Kapcsolati adatok: Teljes jogi n\u00e9v:...\" \/>\n<meta property=\"og:url\" content=\"https:\/\/drcsertan.hu\/en\/adatvedelmi-nyilatkozat\/\" \/>\n<meta property=\"og:site_name\" content=\"Dr. Csert\u00e1n Bal\u00e1zs\" \/>\n<meta property=\"article:modified_time\" content=\"2025-02-28T09:21:28+00:00\" \/>\n<meta name=\"twitter:card\" content=\"summary_large_image\" \/>\n<meta name=\"twitter:label1\" content=\"Estimated reading time\" \/>\n\t<meta name=\"twitter:data1\" content=\"15 minutes\" \/>\n<script type=\"application\/ld+json\" class=\"yoast-schema-graph\">{\"@context\":\"https:\/\/schema.org\",\"@graph\":[{\"@type\":\"WebPage\",\"@id\":\"https:\/\/drcsertan.hu\/adatvedelmi-nyilatkozat\/\",\"url\":\"https:\/\/drcsertan.hu\/adatvedelmi-nyilatkozat\/\",\"name\":\"Adatv\u00e9delmi Nyilatkozat - Dr. Csert\u00e1n Bal\u00e1zs\",\"isPartOf\":{\"@id\":\"https:\/\/drcsertan.hu\/#website\"},\"datePublished\":\"2024-04-19T18:49:21+00:00\",\"dateModified\":\"2025-02-28T09:21:28+00:00\",\"breadcrumb\":{\"@id\":\"https:\/\/drcsertan.hu\/adatvedelmi-nyilatkozat\/#breadcrumb\"},\"inLanguage\":\"en-GB\",\"potentialAction\":[{\"@type\":\"ReadAction\",\"target\":[\"https:\/\/drcsertan.hu\/adatvedelmi-nyilatkozat\/\"]}]},{\"@type\":\"BreadcrumbList\",\"@id\":\"https:\/\/drcsertan.hu\/adatvedelmi-nyilatkozat\/#breadcrumb\",\"itemListElement\":[{\"@type\":\"ListItem\",\"position\":1,\"name\":\"Kezd\u0151lap\",\"item\":\"https:\/\/drcsertan.hu\/\"},{\"@type\":\"ListItem\",\"position\":2,\"name\":\"Adatv\u00e9delmi Nyilatkozat\"}]},{\"@type\":\"WebSite\",\"@id\":\"https:\/\/drcsertan.hu\/#website\",\"url\":\"https:\/\/drcsertan.hu\/\",\"name\":\"Dr. Csert\u00e1n Bal\u00e1zs\",\"description\":\"Dr. Csert\u00e1n Bal\u00e1zs \u00fcgyv\u00e9d\",\"potentialAction\":[{\"@type\":\"SearchAction\",\"target\":{\"@type\":\"EntryPoint\",\"urlTemplate\":\"https:\/\/drcsertan.hu\/?s={search_term_string}\"},\"query-input\":{\"@type\":\"PropertyValueSpecification\",\"valueRequired\":true,\"valueName\":\"search_term_string\"}}],\"inLanguage\":\"en-GB\"}]}<\/script>\n<!-- \/ Yoast SEO plugin. -->","yoast_head_json":{"title":"Adatv\u00e9delmi Nyilatkozat - Dr. Csert\u00e1n Bal\u00e1zs","robots":{"index":"index","follow":"follow","max-snippet":"max-snippet:-1","max-image-preview":"max-image-preview:large","max-video-preview":"max-video-preview:-1"},"canonical":"https:\/\/drcsertan.hu\/en\/adatvedelmi-nyilatkozat\/","og_locale":"en_GB","og_type":"article","og_title":"Adatv\u00e9delmi Nyilatkozat - Dr. Csert\u00e1n Bal\u00e1zs","og_description":"ADATV\u00c9DELMI NYILATKOZAT 1, BEVEZET\u0150 Sz\u00e1munkra nagyon fontos, hogy betartsuk az aktu\u00e1lisan \u00e9rv\u00e9nyes adatv\u00e9delmi szab\u00e1lyoz\u00e1st \u00e9s t\u00f6rv\u00e9nyeket, \u00edgy az al\u00e1bbiakban r\u00e9szletesen t\u00e1rgyaljuk bemutatjuk a XY oldal \u00e9s XY c\u00e9g\u00a0 adatv\u00e9delemre ir\u00e1nyul\u00f3 l\u00e9p\u00e9seit, \u00e9s az adatgy\u0171jt\u00e9ssel kapcsolatos folyamatait. Az adatokat az XY kezeli, \u00e9s ez a c\u00e9g felel\u0151s a szem\u00e9lyes adatok kezel\u00e9s\u00e9\u00e9rt. Kapcsolati adatok: Teljes jogi n\u00e9v:...","og_url":"https:\/\/drcsertan.hu\/en\/adatvedelmi-nyilatkozat\/","og_site_name":"Dr. Csert\u00e1n Bal\u00e1zs","article_modified_time":"2025-02-28T09:21:28+00:00","twitter_card":"summary_large_image","twitter_misc":{"Estimated reading time":"15 minutes"},"schema":{"@context":"https:\/\/schema.org","@graph":[{"@type":"WebPage","@id":"https:\/\/drcsertan.hu\/adatvedelmi-nyilatkozat\/","url":"https:\/\/drcsertan.hu\/adatvedelmi-nyilatkozat\/","name":"Adatv\u00e9delmi Nyilatkozat - Dr. Csert\u00e1n Bal\u00e1zs","isPartOf":{"@id":"https:\/\/drcsertan.hu\/#website"},"datePublished":"2024-04-19T18:49:21+00:00","dateModified":"2025-02-28T09:21:28+00:00","breadcrumb":{"@id":"https:\/\/drcsertan.hu\/adatvedelmi-nyilatkozat\/#breadcrumb"},"inLanguage":"en-GB","potentialAction":[{"@type":"ReadAction","target":["https:\/\/drcsertan.hu\/adatvedelmi-nyilatkozat\/"]}]},{"@type":"BreadcrumbList","@id":"https:\/\/drcsertan.hu\/adatvedelmi-nyilatkozat\/#breadcrumb","itemListElement":[{"@type":"ListItem","position":1,"name":"Kezd\u0151lap","item":"https:\/\/drcsertan.hu\/"},{"@type":"ListItem","position":2,"name":"Adatv\u00e9delmi Nyilatkozat"}]},{"@type":"WebSite","@id":"https:\/\/drcsertan.hu\/#website","url":"https:\/\/drcsertan.hu\/","name":"Dr. Bal\u00e1zs Csertan","description":"Dr. Bal\u00e1zs Csert\u00e1n, attorney","potentialAction":[{"@type":"SearchAction","target":{"@type":"EntryPoint","urlTemplate":"https:\/\/drcsertan.hu\/?s={search_term_string}"},"query-input":{"@type":"PropertyValueSpecification","valueRequired":true,"valueName":"search_term_string"}}],"inLanguage":"en-GB"}]}},"_links":{"self":[{"href":"https:\/\/drcsertan.hu\/en\/wp-json\/wp\/v2\/pages\/3","targetHints":{"allow":["GET"]}}],"collection":[{"href":"https:\/\/drcsertan.hu\/en\/wp-json\/wp\/v2\/pages"}],"about":[{"href":"https:\/\/drcsertan.hu\/en\/wp-json\/wp\/v2\/types\/page"}],"author":[{"embeddable":true,"href":"https:\/\/drcsertan.hu\/en\/wp-json\/wp\/v2\/users\/1"}],"replies":[{"embeddable":true,"href":"https:\/\/drcsertan.hu\/en\/wp-json\/wp\/v2\/comments?post=3"}],"version-history":[{"count":0,"href":"https:\/\/drcsertan.hu\/en\/wp-json\/wp\/v2\/pages\/3\/revisions"}],"wp:attachment":[{"href":"https:\/\/drcsertan.hu\/en\/wp-json\/wp\/v2\/media?parent=3"}],"curies":[{"name":"wp","href":"https:\/\/api.w.org\/{rel}","templated":true}]}}