{"id":2429,"date":"2023-08-15T13:50:38","date_gmt":"2023-08-15T13:50:38","guid":{"rendered":"https:\/\/theme-dev.cmsmasters.net\/lawbusiness-2\/?page_id=2429"},"modified":"2024-05-22T14:00:15","modified_gmt":"2024-05-22T14:00:15","slug":"sitemap","status":"publish","type":"page","link":"https:\/\/drcsertan.hu\/en\/sitemap\/","title":{"rendered":"SiteMap"},"content":{"rendered":"<div data-elementor-type=\"wp-page\" data-elementor-id=\"2429\" class=\"elementor elementor-2429\">\n\t\t\t\t<div class=\"elementor-element elementor-element-85bf973 e-flex e-con-boxed cmsmasters-block-default e-con e-parent\" data-id=\"85bf973\" data-element_type=\"container\" data-settings=\"{&quot;background_background&quot;:&quot;classic&quot;}\">\n\t\t\t\t\t<div class=\"e-con-inner\">\n\t\t<div class=\"elementor-element elementor-element-877404b e-con-full e-flex cmsmasters-block-default e-con e-child\" data-id=\"877404b\" data-element_type=\"container\">\n\t\t\t\t<div class=\"elementor-element elementor-element-2861545 cmsmasters-line-clamp-no cmsmasters-color-variation-default cmsmasters-pointer-none cmsmasters-block-default cmsmasters-sticky-default elementor-widget elementor-widget-cmsmasters-page-title cmsmasters-widget-title\" data-id=\"2861545\" data-element_type=\"widget\" data-widget_type=\"cmsmasters-page-title.default\">\n\t\t\t\t<div class=\"elementor-widget-container\">\n\t\t\t\t\t<h1 class=\"entry-title cmsmasters-widget-title__heading\">Archives<\/h1>\t\t\t\t<\/div>\n\t\t\t\t<\/div>\n\t\t\t\t<\/div>\n\t\t<div class=\"elementor-element elementor-element-dcd270e e-con-full e-flex cmsmasters-block-default e-con e-child\" data-id=\"dcd270e\" data-element_type=\"container\">\n\t\t\t\t<div class=\"elementor-element elementor-element-976fd6c cmsmasters-breadcrumbs-alignment-right cmsmasters-breadcrumbs-type-cmsmasters cmsmasters-separator-type-text cmsmasters-block-default cmsmasters-sticky-default elementor-widget elementor-widget-cmsmasters-breadcrumbs cmsmasters-widget-breadcrumbs\" data-id=\"976fd6c\" data-element_type=\"widget\" data-widget_type=\"cmsmasters-breadcrumbs.default\">\n\t\t\t\t<div class=\"elementor-widget-container\">\n\t\t\t\t\t<div class=\"cmsmasters-widget-breadcrumbs__container\"><div class=\"cmsmasters-widget-breadcrumbs__content\"><a href=\"https:\/\/drcsertan.hu\/en\/\" class=\"cmsmasters-home\">Home<\/a><span class=\"cmsmasters-widget-breadcrumbs__sep\"><span>\/<\/span><\/span><span>No breadcrumbs<\/span><\/div><\/div>\t\t\t\t<\/div>\n\t\t\t\t<\/div>\n\t\t\t\t<\/div>\n\t\t\t\t\t<\/div>\n\t\t\t\t<\/div>\n\t\t<div class=\"elementor-element elementor-element-30f9bf0 e-flex e-con-boxed cmsmasters-block-default e-con e-parent\" data-id=\"30f9bf0\" data-element_type=\"container\">\n\t\t\t\t\t<div class=\"e-con-inner\">\n\t\t\t\t<div class=\"elementor-element elementor-element-f17b49a cmsmasters-sitemap__direction-default cmsmasters-sitemap__marker-icon cmsmasters-block-default cmsmasters-sticky-default elementor-widget elementor-widget-cmsmasters-sitemap\" data-id=\"f17b49a\" data-element_type=\"widget\" data-widget_type=\"cmsmasters-sitemap.default\">\n\t\t\t\t<div class=\"elementor-widget-container\">\n\t\t\t\t\t<div class=\"elementor-widget-cmsmasters-sitemap__wrapper\"><div class=\"elementor-widget-cmsmasters-sitemap__section elementor-repeater-item-3c73736\"><h3 class=\"elementor-widget-cmsmasters-sitemap__title elementor-widget-cmsmasters-sitemap__page-title\">Website Pages<\/h3><ul class=\"elementor-widget-cmsmasters-sitemap__list elementor-widget-cmsmasters-sitemap__page-list\"><li class=\"elementor-widget-cmsmasters-sitemap__item elementor-widget-cmsmasters-sitemap__item-page page_item page-item-39427\"><div class=\"elementor-widget-cmsmasters-sitemap__link-outer\">\n\t\t\t\t\t\t\t\t\t<div class=\"elementor-widget-cmsmasters-sitemap__link-outer-inner\">\n\t\t\t\t\t\t\t\t\t\t<a href=\"https:\/\/drcsertan.hu\/en\/cookie-nyilatkozat\/\">Cookie Statement<\/a><\/div><\/div><\/li><li class=\"elementor-widget-cmsmasters-sitemap__item elementor-widget-cmsmasters-sitemap__item-page page_item page-item-8\"><div class=\"elementor-widget-cmsmasters-sitemap__link-outer\">\n\t\t\t\t\t\t\t\t\t<div class=\"elementor-widget-cmsmasters-sitemap__link-outer-inner\">\n\t\t\t\t\t\t\t\t\t\t<a href=\"https:\/\/drcsertan.hu\/en\/hamarosan\/\">Hamarosan<\/a><\/div><\/div><\/li><li class=\"elementor-widget-cmsmasters-sitemap__item elementor-widget-cmsmasters-sitemap__item-page page_item page-item-3\"><div class=\"elementor-widget-cmsmasters-sitemap__link-outer\">\n\t\t\t\t\t\t\t\t\t<div class=\"elementor-widget-cmsmasters-sitemap__link-outer-inner\">\n\t\t\t\t\t\t\t\t\t\t<a href=\"https:\/\/drcsertan.hu\/en\/adatvedelmi-nyilatkozat\/\">Privacy Statement<\/a><\/div><\/div><\/li><li class=\"elementor-widget-cmsmasters-sitemap__item elementor-widget-cmsmasters-sitemap__item-page page_item page-item-37444\"><div class=\"elementor-widget-cmsmasters-sitemap__link-outer\">\n\t\t\t\t\t\t\t\t\t<div class=\"elementor-widget-cmsmasters-sitemap__link-outer-inner\">\n\t\t\t\t\t\t\t\t\t\t<a href=\"https:\/\/drcsertan.hu\/en\/our-attorneys\/\">Our Attorneys<\/a><\/div><\/div><\/li><\/ul><\/div><div class=\"elementor-widget-cmsmasters-sitemap__section elementor-repeater-item-edf2787\"><ul class=\"elementor-widget-cmsmasters-sitemap__list elementor-widget-cmsmasters-sitemap__page-list elementor-widget-cmsmasters-sitemap__list elementor-widget-cmsmasters-sitemap__page-list\"><li class=\"elementor-widget-cmsmasters-sitemap__item elementor-widget-cmsmasters-sitemap__item-page elementor-widget-cmsmasters-sitemap__item elementor-widget-cmsmasters-sitemap__item-page page_item page-item-37138\"><div class=\"elementor-widget-cmsmasters-sitemap__link-outer\">\n\t\t\t\t\t\t\t\t\t<div class=\"elementor-widget-cmsmasters-sitemap__link-outer-inner\">\n\t\t\t\t\t\t\t\t\t\t<a href=\"https:\/\/drcsertan.hu\/en\/szakteruletek\/\">Specialties<\/a><\/div><\/div><\/li><li class=\"elementor-widget-cmsmasters-sitemap__item elementor-widget-cmsmasters-sitemap__item-page elementor-widget-cmsmasters-sitemap__item elementor-widget-cmsmasters-sitemap__item-page page_item page-item-2429\"><div class=\"elementor-widget-cmsmasters-sitemap__link-outer\">\n\t\t\t\t\t\t\t\t\t<div class=\"elementor-widget-cmsmasters-sitemap__link-outer-inner\">\n\t\t\t\t\t\t\t\t\t\t<a href=\"https:\/\/drcsertan.hu\/en\/sitemap\/\">SiteMap<\/a><\/div><\/div><\/li><li class=\"elementor-widget-cmsmasters-sitemap__item elementor-widget-cmsmasters-sitemap__item-page elementor-widget-cmsmasters-sitemap__item elementor-widget-cmsmasters-sitemap__item-page page_item page-item-1971\"><div class=\"elementor-widget-cmsmasters-sitemap__link-outer\">\n\t\t\t\t\t\t\t\t\t<div class=\"elementor-widget-cmsmasters-sitemap__link-outer-inner\">\n\t\t\t\t\t\t\t\t\t\t<a href=\"https:\/\/drcsertan.hu\/en\/image-credits\/\">Image Credits<\/a><\/div><\/div><\/li><li class=\"elementor-widget-cmsmasters-sitemap__item elementor-widget-cmsmasters-sitemap__item-page elementor-widget-cmsmasters-sitemap__item elementor-widget-cmsmasters-sitemap__item-page page_item page-item-1710\"><div class=\"elementor-widget-cmsmasters-sitemap__link-outer\">\n\t\t\t\t\t\t\t\t\t<div class=\"elementor-widget-cmsmasters-sitemap__link-outer-inner\">\n\t\t\t\t\t\t\t\t\t\t<a href=\"https:\/\/drcsertan.hu\/en\/bemutatkozas\/\">Introduction<\/a><\/div><\/div><\/li><\/ul><\/div><div class=\"elementor-widget-cmsmasters-sitemap__section elementor-repeater-item-a4384ae\"><h3 class=\"elementor-widget-cmsmasters-sitemap__title elementor-widget-cmsmasters-sitemap__profiles-title\">Attorneys<\/h3><ul class=\"elementor-widget-cmsmasters-sitemap__list elementor-widget-cmsmasters-sitemap__profiles-list\"><li class=\"elementor-widget-cmsmasters-sitemap__item elementor-widget-cmsmasters-sitemap__item-profiles page_item page-item-36720\"><div class=\"elementor-widget-cmsmasters-sitemap__link-outer\">\n\t\t\t\t\t\t\t\t\t<div class=\"elementor-widget-cmsmasters-sitemap__link-outer-inner\">\n\t\t\t\t\t\t\t\t\t\t<a href=\"https:\/\/drcsertan.hu\/en\/profiles\/dominic-archer\/\">Dominic Archer<\/a><\/div><\/div><\/li><li class=\"elementor-widget-cmsmasters-sitemap__item elementor-widget-cmsmasters-sitemap__item-profiles page_item page-item-2412\"><div class=\"elementor-widget-cmsmasters-sitemap__link-outer\">\n\t\t\t\t\t\t\t\t\t<div class=\"elementor-widget-cmsmasters-sitemap__link-outer-inner\">\n\t\t\t\t\t\t\t\t\t\t<a href=\"https:\/\/drcsertan.hu\/en\/profiles\/eleanor-wolfe\/\">Eleanor Wolfe<\/a><\/div><\/div><\/li><li class=\"elementor-widget-cmsmasters-sitemap__item elementor-widget-cmsmasters-sitemap__item-profiles page_item page-item-2377\"><div class=\"elementor-widget-cmsmasters-sitemap__link-outer\">\n\t\t\t\t\t\t\t\t\t<div class=\"elementor-widget-cmsmasters-sitemap__link-outer-inner\">\n\t\t\t\t\t\t\t\t\t\t<a href=\"https:\/\/drcsertan.hu\/en\/profiles\/alexandra-sterling\/\">Alexandra Sterling<\/a><\/div><\/div><\/li><li class=\"elementor-widget-cmsmasters-sitemap__item elementor-widget-cmsmasters-sitemap__item-profiles page_item page-item-1684\"><div class=\"elementor-widget-cmsmasters-sitemap__link-outer\">\n\t\t\t\t\t\t\t\t\t<div class=\"elementor-widget-cmsmasters-sitemap__link-outer-inner\">\n\t\t\t\t\t\t\t\t\t\t<a href=\"https:\/\/drcsertan.hu\/en\/profiles\/nathanial-blackwood\/\">Nathaniel Blackwood<\/a><\/div><\/div><\/li><\/ul><\/div><div class=\"elementor-widget-cmsmasters-sitemap__section elementor-repeater-item-39cf0ed\"><ul class=\"elementor-widget-cmsmasters-sitemap__list elementor-widget-cmsmasters-sitemap__profiles-list elementor-widget-cmsmasters-sitemap__list elementor-widget-cmsmasters-sitemap__profiles-list\"><li class=\"elementor-widget-cmsmasters-sitemap__item elementor-widget-cmsmasters-sitemap__item-profiles elementor-widget-cmsmasters-sitemap__item elementor-widget-cmsmasters-sitemap__item-profiles page_item page-item-36720\"><div class=\"elementor-widget-cmsmasters-sitemap__link-outer\">\n\t\t\t\t\t\t\t\t\t<div class=\"elementor-widget-cmsmasters-sitemap__link-outer-inner\">\n\t\t\t\t\t\t\t\t\t\t<a href=\"https:\/\/drcsertan.hu\/en\/profiles\/dominic-archer\/\">Dominic Archer<\/a><\/div><\/div><\/li><li class=\"elementor-widget-cmsmasters-sitemap__item elementor-widget-cmsmasters-sitemap__item-profiles elementor-widget-cmsmasters-sitemap__item elementor-widget-cmsmasters-sitemap__item-profiles page_item page-item-2412\"><div class=\"elementor-widget-cmsmasters-sitemap__link-outer\">\n\t\t\t\t\t\t\t\t\t<div class=\"elementor-widget-cmsmasters-sitemap__link-outer-inner\">\n\t\t\t\t\t\t\t\t\t\t<a href=\"https:\/\/drcsertan.hu\/en\/profiles\/eleanor-wolfe\/\">Eleanor Wolfe<\/a><\/div><\/div><\/li><li class=\"elementor-widget-cmsmasters-sitemap__item elementor-widget-cmsmasters-sitemap__item-profiles elementor-widget-cmsmasters-sitemap__item elementor-widget-cmsmasters-sitemap__item-profiles page_item page-item-2377\"><div class=\"elementor-widget-cmsmasters-sitemap__link-outer\">\n\t\t\t\t\t\t\t\t\t<div class=\"elementor-widget-cmsmasters-sitemap__link-outer-inner\">\n\t\t\t\t\t\t\t\t\t\t<a href=\"https:\/\/drcsertan.hu\/en\/profiles\/alexandra-sterling\/\">Alexandra Sterling<\/a><\/div><\/div><\/li><li class=\"elementor-widget-cmsmasters-sitemap__item elementor-widget-cmsmasters-sitemap__item-profiles elementor-widget-cmsmasters-sitemap__item elementor-widget-cmsmasters-sitemap__item-profiles page_item page-item-1684\"><div class=\"elementor-widget-cmsmasters-sitemap__link-outer\">\n\t\t\t\t\t\t\t\t\t<div class=\"elementor-widget-cmsmasters-sitemap__link-outer-inner\">\n\t\t\t\t\t\t\t\t\t\t<a href=\"https:\/\/drcsertan.hu\/en\/profiles\/nathanial-blackwood\/\">Nathaniel Blackwood<\/a><\/div><\/div><\/li><\/ul><\/div><div class=\"elementor-widget-cmsmasters-sitemap__section elementor-repeater-item-052cf8a\"><h3 class=\"elementor-widget-cmsmasters-sitemap__title elementor-widget-cmsmasters-sitemap__post-title\">Blog<\/h3><ul class=\"elementor-widget-cmsmasters-sitemap__list elementor-widget-cmsmasters-sitemap__post-list\"><li class=\"elementor-widget-cmsmasters-sitemap__item elementor-widget-cmsmasters-sitemap__item-post page_item page-item-39359\"><div class=\"elementor-widget-cmsmasters-sitemap__link-outer\">\n\t\t\t\t\t\t\t\t\t<div class=\"elementor-widget-cmsmasters-sitemap__link-outer-inner\">\n\t\t\t\t\t\t\t\t\t\t<a href=\"https:\/\/drcsertan.hu\/en\/2025\/02\/26\/ingatlan-ajandekozasi-szerzodes\/\">Real estate gift agreement: Everything you need to know<\/a><\/div><\/div><\/li><li class=\"elementor-widget-cmsmasters-sitemap__item elementor-widget-cmsmasters-sitemap__item-post page_item page-item-39349\"><div class=\"elementor-widget-cmsmasters-sitemap__link-outer\">\n\t\t\t\t\t\t\t\t\t<div class=\"elementor-widget-cmsmasters-sitemap__link-outer-inner\">\n\t\t\t\t\t\t\t\t\t\t<a href=\"https:\/\/drcsertan.hu\/en\/2025\/02\/26\/a-csaladtagjat-az-orokleskor-ismeri-meg-igazan-az-ember\/\">You really get to know your family member when you inherit.<\/a><\/div><\/div><\/li><li class=\"elementor-widget-cmsmasters-sitemap__item elementor-widget-cmsmasters-sitemap__item-post page_item page-item-1398\"><div class=\"elementor-widget-cmsmasters-sitemap__link-outer\">\n\t\t\t\t\t\t\t\t\t<div class=\"elementor-widget-cmsmasters-sitemap__link-outer-inner\">\n\t\t\t\t\t\t\t\t\t\t<a href=\"https:\/\/drcsertan.hu\/en\/2024\/03\/05\/ingatlan-adasveteli-szerzodesek-tudnivalok\/\">Real estate purchase and sale contracts: information<\/a><\/div><\/div><\/li><\/ul><\/div><div class=\"elementor-widget-cmsmasters-sitemap__section elementor-repeater-item-cad1b5e\"><span class=\"elementor-widget-cmsmasters-sitemap__list elementor-widget-cmsmasters-sitemap__post-list elementor-widget-cmsmasters-sitemap__list elementor-widget-cmsmasters-sitemap__post-list\">Ez a lista \u00fcres.<\/span><\/div><div class=\"elementor-widget-cmsmasters-sitemap__section elementor-repeater-item-220326c\"><h3 class=\"elementor-widget-cmsmasters-sitemap__title elementor-widget-cmsmasters-sitemap__services-title\">Services<\/h3><ul class=\"elementor-widget-cmsmasters-sitemap__list elementor-widget-cmsmasters-sitemap__services-list\"><li class=\"elementor-widget-cmsmasters-sitemap__item elementor-widget-cmsmasters-sitemap__item-services page_item page-item-37021\"><div class=\"elementor-widget-cmsmasters-sitemap__link-outer\">\n\t\t\t\t\t\t\t\t\t<div class=\"elementor-widget-cmsmasters-sitemap__link-outer-inner\">\n\t\t\t\t\t\t\t\t\t\t<a href=\"https:\/\/drcsertan.hu\/en\/services\/csaladjog-es-valas\/\">Family law and divorce<\/a><\/div><\/div><\/li><li class=\"elementor-widget-cmsmasters-sitemap__item elementor-widget-cmsmasters-sitemap__item-services page_item page-item-37015\"><div class=\"elementor-widget-cmsmasters-sitemap__link-outer\">\n\t\t\t\t\t\t\t\t\t<div class=\"elementor-widget-cmsmasters-sitemap__link-outer-inner\">\n\t\t\t\t\t\t\t\t\t\t<a href=\"https:\/\/drcsertan.hu\/en\/services\/ingatlan-ugyek\/\">Ingatlan \u00fcgyek<\/a><\/div><\/div><\/li><li class=\"elementor-widget-cmsmasters-sitemap__item elementor-widget-cmsmasters-sitemap__item-services page_item page-item-36931\"><div class=\"elementor-widget-cmsmasters-sitemap__link-outer\">\n\t\t\t\t\t\t\t\t\t<div class=\"elementor-widget-cmsmasters-sitemap__link-outer-inner\">\n\t\t\t\t\t\t\t\t\t\t<a href=\"https:\/\/drcsertan.hu\/en\/services\/polgari-per\/\">Civil lawsuit<\/a><\/div><\/div><\/li><\/ul><\/div><div class=\"elementor-widget-cmsmasters-sitemap__section elementor-repeater-item-e161584\"><ul class=\"elementor-widget-cmsmasters-sitemap__list elementor-widget-cmsmasters-sitemap__services-list elementor-widget-cmsmasters-sitemap__list elementor-widget-cmsmasters-sitemap__services-list\"><li class=\"elementor-widget-cmsmasters-sitemap__item elementor-widget-cmsmasters-sitemap__item-services elementor-widget-cmsmasters-sitemap__item elementor-widget-cmsmasters-sitemap__item-services page_item page-item-37031\"><div class=\"elementor-widget-cmsmasters-sitemap__link-outer\">\n\t\t\t\t\t\t\t\t\t<div class=\"elementor-widget-cmsmasters-sitemap__link-outer-inner\">\n\t\t\t\t\t\t\t\t\t\t<a href=\"https:\/\/drcsertan.hu\/en\/services\/bevandorlas\/\">Immigration<\/a><\/div><\/div><\/li><li class=\"elementor-widget-cmsmasters-sitemap__item elementor-widget-cmsmasters-sitemap__item-services elementor-widget-cmsmasters-sitemap__item elementor-widget-cmsmasters-sitemap__item-services page_item page-item-37034\"><div class=\"elementor-widget-cmsmasters-sitemap__link-outer\">\n\t\t\t\t\t\t\t\t\t<div class=\"elementor-widget-cmsmasters-sitemap__link-outer-inner\">\n\t\t\t\t\t\t\t\t\t\t<a href=\"https:\/\/drcsertan.hu\/en\/services\/buntetovedelem\/\">Criminal defense<\/a><\/div><\/div><\/li><li class=\"elementor-widget-cmsmasters-sitemap__item elementor-widget-cmsmasters-sitemap__item-services elementor-widget-cmsmasters-sitemap__item elementor-widget-cmsmasters-sitemap__item-services page_item page-item-37037\"><div class=\"elementor-widget-cmsmasters-sitemap__link-outer\">\n\t\t\t\t\t\t\t\t\t<div class=\"elementor-widget-cmsmasters-sitemap__link-outer-inner\">\n\t\t\t\t\t\t\t\t\t\t<a href=\"https:\/\/drcsertan.hu\/en\/services\/diszkriminacios-ugyek\/\">Discrimination claims<\/a><\/div><\/div><\/li><\/ul><\/div><\/div>\t\t\t\t<\/div>\n\t\t\t\t<\/div>\n\t\t\t\t\t<\/div>\n\t\t\t\t<\/div>\n\t\t\t\t<\/div>","protected":false},"excerpt":{"rendered":"<p>Home\/No breadcrumbs Website Pages Hamarosan Our Attorneys Service Page SiteMap Image Credits About Us Home Contacts Attorneys Dominic Archer Eleanor Wolfe Alexandra Sterling Nathanial Blackwood Dominic Archer Eleanor Wolfe Alexandra Sterling Nathanial Blackwood Blog The Best Ways to Protect Your Family and Business in 2023 Ten Myths About Lawyers and Criminal Defence Attorneys Top 10&#8230;<\/p>","protected":false},"author":1,"featured_media":0,"parent":0,"menu_order":0,"comment_status":"closed","ping_status":"closed","template":"","meta":{"_acf_changed":false,"inline_featured_image":false,"_monsterinsights_skip_tracking":false,"_monsterinsights_sitenote_active":false,"_monsterinsights_sitenote_note":"","_monsterinsights_sitenote_category":0,"footnotes":""},"class_list":["post-2429","page","type-page","status-publish","hentry"],"acf":[],"yoast_head":"<!-- This site is optimized with the Yoast SEO plugin v26.5 - https:\/\/yoast.com\/wordpress\/plugins\/seo\/ -->\n<title>SiteMap - Dr. Csert\u00e1n Bal\u00e1zs<\/title>\n<meta name=\"robots\" content=\"index, follow, max-snippet:-1, max-image-preview:large, max-video-preview:-1\" \/>\n<link rel=\"canonical\" href=\"https:\/\/drcsertan.hu\/en\/sitemap\/\" \/>\n<meta property=\"og:locale\" content=\"en_GB\" \/>\n<meta property=\"og:type\" content=\"article\" \/>\n<meta property=\"og:title\" content=\"SiteMap - Dr. Csert\u00e1n Bal\u00e1zs\" \/>\n<meta property=\"og:description\" content=\"Home\/No breadcrumbs Website Pages Hamarosan Our Attorneys Service Page SiteMap Image Credits About Us Home Contacts Attorneys Dominic Archer Eleanor Wolfe Alexandra Sterling Nathanial Blackwood Dominic Archer Eleanor Wolfe Alexandra Sterling Nathanial Blackwood Blog The Best Ways to Protect Your Family and Business in 2023 Ten Myths About Lawyers and Criminal Defence Attorneys Top 10...\" \/>\n<meta property=\"og:url\" content=\"https:\/\/drcsertan.hu\/en\/sitemap\/\" \/>\n<meta property=\"og:site_name\" content=\"Dr. Csert\u00e1n Bal\u00e1zs\" \/>\n<meta property=\"article:modified_time\" content=\"2024-05-22T14:00:15+00:00\" \/>\n<meta name=\"twitter:card\" content=\"summary_large_image\" \/>\n<meta name=\"twitter:label1\" content=\"Estimated reading time\" \/>\n\t<meta name=\"twitter:data1\" content=\"1 minute\" \/>\n<script type=\"application\/ld+json\" class=\"yoast-schema-graph\">{\"@context\":\"https:\/\/schema.org\",\"@graph\":[{\"@type\":\"WebPage\",\"@id\":\"https:\/\/drcsertan.hu\/sitemap\/\",\"url\":\"https:\/\/drcsertan.hu\/sitemap\/\",\"name\":\"SiteMap - Dr. Csert\u00e1n Bal\u00e1zs\",\"isPartOf\":{\"@id\":\"https:\/\/drcsertan.hu\/#website\"},\"datePublished\":\"2023-08-15T13:50:38+00:00\",\"dateModified\":\"2024-05-22T14:00:15+00:00\",\"breadcrumb\":{\"@id\":\"https:\/\/drcsertan.hu\/sitemap\/#breadcrumb\"},\"inLanguage\":\"en-GB\",\"potentialAction\":[{\"@type\":\"ReadAction\",\"target\":[\"https:\/\/drcsertan.hu\/sitemap\/\"]}]},{\"@type\":\"BreadcrumbList\",\"@id\":\"https:\/\/drcsertan.hu\/sitemap\/#breadcrumb\",\"itemListElement\":[{\"@type\":\"ListItem\",\"position\":1,\"name\":\"Kezd\u0151lap\",\"item\":\"https:\/\/drcsertan.hu\/\"},{\"@type\":\"ListItem\",\"position\":2,\"name\":\"SiteMap\"}]},{\"@type\":\"WebSite\",\"@id\":\"https:\/\/drcsertan.hu\/#website\",\"url\":\"https:\/\/drcsertan.hu\/\",\"name\":\"Dr. Csert\u00e1n Bal\u00e1zs\",\"description\":\"Dr. Csert\u00e1n Bal\u00e1zs \u00fcgyv\u00e9d\",\"potentialAction\":[{\"@type\":\"SearchAction\",\"target\":{\"@type\":\"EntryPoint\",\"urlTemplate\":\"https:\/\/drcsertan.hu\/?s={search_term_string}\"},\"query-input\":{\"@type\":\"PropertyValueSpecification\",\"valueRequired\":true,\"valueName\":\"search_term_string\"}}],\"inLanguage\":\"en-GB\"}]}<\/script>\n<!-- \/ Yoast SEO plugin. -->","yoast_head_json":{"title":"SiteMap - Dr. Csert\u00e1n Bal\u00e1zs","robots":{"index":"index","follow":"follow","max-snippet":"max-snippet:-1","max-image-preview":"max-image-preview:large","max-video-preview":"max-video-preview:-1"},"canonical":"https:\/\/drcsertan.hu\/en\/sitemap\/","og_locale":"en_GB","og_type":"article","og_title":"SiteMap - Dr. Csert\u00e1n Bal\u00e1zs","og_description":"Home\/No breadcrumbs Website Pages Hamarosan Our Attorneys Service Page SiteMap Image Credits About Us Home Contacts Attorneys Dominic Archer Eleanor Wolfe Alexandra Sterling Nathanial Blackwood Dominic Archer Eleanor Wolfe Alexandra Sterling Nathanial Blackwood Blog The Best Ways to Protect Your Family and Business in 2023 Ten Myths About Lawyers and Criminal Defence Attorneys Top 10...","og_url":"https:\/\/drcsertan.hu\/en\/sitemap\/","og_site_name":"Dr. Csert\u00e1n Bal\u00e1zs","article_modified_time":"2024-05-22T14:00:15+00:00","twitter_card":"summary_large_image","twitter_misc":{"Estimated reading time":"1 minute"},"schema":{"@context":"https:\/\/schema.org","@graph":[{"@type":"WebPage","@id":"https:\/\/drcsertan.hu\/sitemap\/","url":"https:\/\/drcsertan.hu\/sitemap\/","name":"SiteMap - Dr. Csert\u00e1n Bal\u00e1zs","isPartOf":{"@id":"https:\/\/drcsertan.hu\/#website"},"datePublished":"2023-08-15T13:50:38+00:00","dateModified":"2024-05-22T14:00:15+00:00","breadcrumb":{"@id":"https:\/\/drcsertan.hu\/sitemap\/#breadcrumb"},"inLanguage":"en-GB","potentialAction":[{"@type":"ReadAction","target":["https:\/\/drcsertan.hu\/sitemap\/"]}]},{"@type":"BreadcrumbList","@id":"https:\/\/drcsertan.hu\/sitemap\/#breadcrumb","itemListElement":[{"@type":"ListItem","position":1,"name":"Kezd\u0151lap","item":"https:\/\/drcsertan.hu\/"},{"@type":"ListItem","position":2,"name":"SiteMap"}]},{"@type":"WebSite","@id":"https:\/\/drcsertan.hu\/#website","url":"https:\/\/drcsertan.hu\/","name":"Dr. Bal\u00e1zs Csertan","description":"Dr. Bal\u00e1zs Csert\u00e1n, attorney","potentialAction":[{"@type":"SearchAction","target":{"@type":"EntryPoint","urlTemplate":"https:\/\/drcsertan.hu\/?s={search_term_string}"},"query-input":{"@type":"PropertyValueSpecification","valueRequired":true,"valueName":"search_term_string"}}],"inLanguage":"en-GB"}]}},"_links":{"self":[{"href":"https:\/\/drcsertan.hu\/en\/wp-json\/wp\/v2\/pages\/2429","targetHints":{"allow":["GET"]}}],"collection":[{"href":"https:\/\/drcsertan.hu\/en\/wp-json\/wp\/v2\/pages"}],"about":[{"href":"https:\/\/drcsertan.hu\/en\/wp-json\/wp\/v2\/types\/page"}],"author":[{"embeddable":true,"href":"https:\/\/drcsertan.hu\/en\/wp-json\/wp\/v2\/users\/1"}],"replies":[{"embeddable":true,"href":"https:\/\/drcsertan.hu\/en\/wp-json\/wp\/v2\/comments?post=2429"}],"version-history":[{"count":0,"href":"https:\/\/drcsertan.hu\/en\/wp-json\/wp\/v2\/pages\/2429\/revisions"}],"wp:attachment":[{"href":"https:\/\/drcsertan.hu\/en\/wp-json\/wp\/v2\/media?parent=2429"}],"curies":[{"name":"wp","href":"https:\/\/api.w.org\/{rel}","templated":true}]}}