{"id":1617,"date":"2023-08-11T15:15:54","date_gmt":"2023-08-11T15:15:54","guid":{"rendered":"https:\/\/theme-dev.cmsmasters.net\/lawbusiness-2\/?page_id=1617"},"modified":"2025-03-25T10:43:44","modified_gmt":"2025-03-25T10:43:44","slug":"kapcsolat","status":"publish","type":"page","link":"https:\/\/drcsertan.hu\/en\/kapcsolat\/","title":{"rendered":"Contact"},"content":{"rendered":"<div data-elementor-type=\"wp-page\" data-elementor-id=\"1617\" class=\"elementor elementor-1617\">\n\t\t\t\t<div class=\"elementor-element elementor-element-e9e7c4a e-flex e-con-boxed cmsmasters-bg-hide-none cmsmasters-bg-hide-none cmsmasters-block-default e-con e-parent\" data-id=\"e9e7c4a\" data-element_type=\"container\" data-settings=\"{&quot;background_background&quot;:&quot;classic&quot;}\">\n\t\t\t\t\t<div class=\"e-con-inner\">\n\t\t<div class=\"elementor-element elementor-element-b3e4954 e-con-full e-flex cmsmasters-block-default e-con e-child\" data-id=\"b3e4954\" data-element_type=\"container\">\n\t\t\t\t<div class=\"elementor-element elementor-element-fcfbe34 cmsmasters-block-default cmsmasters-sticky-default elementor-widget elementor-widget-heading\" data-id=\"fcfbe34\" data-element_type=\"widget\" data-widget_type=\"heading.default\">\n\t\t\t\t<div class=\"elementor-widget-container\">\n\t\t\t\t\t<h1 class=\"elementor-heading-title elementor-size-default\">Archives<\/h1>\t\t\t\t<\/div>\n\t\t\t\t<\/div>\n\t\t\t\t<div class=\"elementor-element elementor-element-e491075 elementor-widget__width-initial cmsmasters-block-default cmsmasters-sticky-default elementor-widget elementor-widget-text-editor\" data-id=\"e491075\" data-element_type=\"widget\" data-widget_type=\"text-editor.default\">\n\t\t\t\t<div class=\"elementor-widget-container\">\n\t\t\t\t\t\t\t\t\t<p>Dr. Bal\u00e1zs Csert\u00e1n, attorney<\/p>\t\t\t\t\t\t\t\t<\/div>\n\t\t\t\t<\/div>\n\t\t\t\t<\/div>\n\t\t\t\t\t<\/div>\n\t\t\t\t<\/div>\n\t\t<div class=\"elementor-element elementor-element-4929453 e-flex e-con-boxed cmsmasters-block-default e-con e-parent\" data-id=\"4929453\" data-element_type=\"container\">\n\t\t\t\t\t<div class=\"e-con-inner\">\n\t\t<div class=\"elementor-element elementor-element-bed12cd e-con-full e-flex cmsmasters-block-default e-con e-child\" data-id=\"bed12cd\" data-element_type=\"container\">\n\t\t\t\t<div class=\"elementor-element elementor-element-b8c0589 elementor-widget__width-initial cmsmasters-block-default cmsmasters-sticky-default elementor-widget elementor-widget-heading\" data-id=\"b8c0589\" data-element_type=\"widget\" data-widget_type=\"heading.default\">\n\t\t\t\t<div class=\"elementor-widget-container\">\n\t\t\t\t\t<h3 class=\"elementor-heading-title elementor-size-default\">Availability<\/h3>\t\t\t\t<\/div>\n\t\t\t\t<\/div>\n\t\t\t\t<div class=\"elementor-element elementor-element-8c61a82 cmsmasters-widget-align-left cmsmasters-widget-layout-row cmsmasters-widget-direction-default cmsmasters-widget-marker-element-icon cmsmasters-widget-marker-view-default cmsmasters-block-default cmsmasters-sticky-default elementor-widget elementor-widget-cmsmasters-icon-list cmsmasters-widget-icon-list\" data-id=\"8c61a82\" data-element_type=\"widget\" data-widget_type=\"cmsmasters-icon-list.default\">\n\t\t\t\t<div class=\"elementor-widget-container\">\n\t\t\t\t\t\t\t<ul class=\"cmsmasters-widget-icon-list-items\">\n\t\t\t\t\t\t\t<li class=\"cmsmasters-widget-icon-list-item active-icon-item active-link-item\">\n\t\t\t\t<a href=\"tel:+36305969261\">\t\t\t\t<span class=\"cmsmasters-widget-icon-list-item-text-wrap\">\n\t\t\t\t\t\t\t\t\t\t\t<span class=\"cmsmasters-widget-icon-list-item-icon\">\n\t\t\t\t\t\t\t<span>\n\t\t\t\t\t\t\t\t\t\t\t\t\t\t\t\t\t<i aria-hidden=\"true\" class=\"cmsmsdemo-icon- cmsms-demo-icon-ipad\"><\/i>\t\t\t\t\t\t\t\t\t\t\t\t\t\t\t<\/span>\n\t\t\t\t\t\t<\/span>\n\t\t\t\t\t\t\t\t\t\t<span class=\"cmsmasters-widget-icon-list-item-text-inner\">\n\t\t\t\t\t\t<span class=\"cmsmasters-widget-icon-list-item-text\">\n\t\t\t\t\t\t\t+36305969261\t\t\t\t\t\t<\/span>\n\t\t\t\t\t\t\t\t\t\t\t<\/span>\n\t\t\t\t<\/span>\n\t\t\t\t<\/a>\t\t\t\t<\/li>\n\t\t\t\t\t\t\t<li class=\"cmsmasters-widget-icon-list-item active-icon-item active-link-item\">\n\t\t\t\t<a href=\"\">\t\t\t\t<span class=\"cmsmasters-widget-icon-list-item-text-wrap\">\n\t\t\t\t\t\t\t\t\t\t\t<span class=\"cmsmasters-widget-icon-list-item-icon\">\n\t\t\t\t\t\t\t<span>\n\t\t\t\t\t\t\t\t\t\t\t\t\t\t\t\t\t<i aria-hidden=\"true\" class=\"cmsmsdemo-icon- cmsms-demo-icon-email\"><\/i>\t\t\t\t\t\t\t\t\t\t\t\t\t\t\t<\/span>\n\t\t\t\t\t\t<\/span>\n\t\t\t\t\t\t\t\t\t\t<span class=\"cmsmasters-widget-icon-list-item-text-inner\">\n\t\t\t\t\t\t<span class=\"cmsmasters-widget-icon-list-item-text cmsmasters-widget-icon-list-item-text\">\n\t\t\t\t\t\t\tcsertan@drcsertan.hu\t\t\t\t\t\t<\/span>\n\t\t\t\t\t\t\t\t\t\t\t<\/span>\n\t\t\t\t<\/span>\n\t\t\t\t<\/a>\t\t\t\t<\/li>\n\t\t\t\t\t\t\t<li class=\"cmsmasters-widget-icon-list-item active-icon-item active-link-item\">\n\t\t\t\t<a href=\"https:\/\/maps.app.goo.gl\/WdhHnLwe3Yx7yL6p9\">\t\t\t\t<span class=\"cmsmasters-widget-icon-list-item-text-wrap\">\n\t\t\t\t\t\t\t\t\t\t\t<span class=\"cmsmasters-widget-icon-list-item-icon\">\n\t\t\t\t\t\t\t<span>\n\t\t\t\t\t\t\t\t\t\t\t\t\t\t\t\t\t<svg aria-hidden=\"true\" class=\"e-font-icon-svg e-fas-map-marker-alt\" viewbox=\"0 0 384 512\" xmlns=\"http:\/\/www.w3.org\/2000\/svg\"><path d=\"M172.268 501.67C26.97 291.031 0 269.413 0 192 0 85.961 85.961 0 192 0s192 85.961 192 192c0 77.413-26.97 99.031-172.268 309.67-9.535 13.774-29.93 13.773-39.464 0zM192 272c44.183 0 80-35.817 80-80s-35.817-80-80-80-80 35.817-80 80 35.817 80 80 80z\"><\/path><\/svg>\t\t\t\t\t\t\t\t\t\t\t\t\t\t\t<\/span>\n\t\t\t\t\t\t<\/span>\n\t\t\t\t\t\t\t\t\t\t<span class=\"cmsmasters-widget-icon-list-item-text-inner\">\n\t\t\t\t\t\t<span class=\"cmsmasters-widget-icon-list-item-text cmsmasters-widget-icon-list-item-text cmsmasters-widget-icon-list-item-text\">\n\t\t\t\t\t\t\t8251 Z\u00e1nka, Sunset Street 6.\t\t\t\t\t\t<\/span>\n\t\t\t\t\t\t\t\t\t\t\t<\/span>\n\t\t\t\t<\/span>\n\t\t\t\t<\/a>\t\t\t\t<\/li>\n\t\t\t\t\t<\/ul>\n\t\t\t\t\t\t<\/div>\n\t\t\t\t<\/div>\n\t\t\t\t<\/div>\n\t\t<div class=\"elementor-element elementor-element-549135e e-con-full e-flex cmsmasters-block-default e-con e-child\" data-id=\"549135e\" data-element_type=\"container\">\n\t\t\t\t<div class=\"elementor-element elementor-element-d44c6a2 elementor-widget__width-initial cmsmasters-block-default cmsmasters-sticky-default elementor-widget elementor-widget-heading\" data-id=\"d44c6a2\" data-element_type=\"widget\" data-widget_type=\"heading.default\">\n\t\t\t\t<div class=\"elementor-widget-container\">\n\t\t\t\t\t<h3 class=\"elementor-heading-title elementor-size-default\">Opening hours<\/h3>\t\t\t\t<\/div>\n\t\t\t\t<\/div>\n\t\t\t\t<div class=\"elementor-element elementor-element-6d10b3d cmsmasters-widget-align-left cmsmasters-widget-layout-row cmsmasters-widget-direction-default cmsmasters-widget-marker-element-icon cmsmasters-widget-marker-view-default cmsmasters-block-default cmsmasters-sticky-default elementor-widget elementor-widget-cmsmasters-icon-list cmsmasters-widget-icon-list\" data-id=\"6d10b3d\" data-element_type=\"widget\" data-widget_type=\"cmsmasters-icon-list.default\">\n\t\t\t\t<div class=\"elementor-widget-container\">\n\t\t\t\t\t\t\t<ul class=\"cmsmasters-widget-icon-list-items\">\n\t\t\t\t\t\t\t<li class=\"cmsmasters-widget-icon-list-item active-icon-item\">\n\t\t\t\t\t\t\t\t<span class=\"cmsmasters-widget-icon-list-item-text-wrap\">\n\t\t\t\t\t\t\t\t\t\t\t<span class=\"cmsmasters-widget-icon-list-item-icon\">\n\t\t\t\t\t\t\t<span>\n\t\t\t\t\t\t\t\t\t\t\t\t\t\t\t\t\t<svg aria-hidden=\"true\" class=\"e-font-icon-svg e-far-calendar\" viewbox=\"0 0 448 512\" xmlns=\"http:\/\/www.w3.org\/2000\/svg\"><path d=\"M400 64h-48V12c0-6.6-5.4-12-12-12h-40c-6.6 0-12 5.4-12 12v52H160V12c0-6.6-5.4-12-12-12h-40c-6.6 0-12 5.4-12 12v52H48C21.5 64 0 85.5 0 112v352c0 26.5 21.5 48 48 48h352c26.5 0 48-21.5 48-48V112c0-26.5-21.5-48-48-48zm-6 400H54c-3.3 0-6-2.7-6-6V160h352v298c0 3.3-2.7 6-6 6z\"><\/path><\/svg>\t\t\t\t\t\t\t\t\t\t\t\t\t\t\t<\/span>\n\t\t\t\t\t\t<\/span>\n\t\t\t\t\t\t\t\t\t\t<span class=\"cmsmasters-widget-icon-list-item-text-inner\">\n\t\t\t\t\t\t<span class=\"cmsmasters-widget-icon-list-item-text\">\n\t\t\t\t\t\t\tMonday - Friday: 08:00-18:00\t\t\t\t\t\t<\/span>\n\t\t\t\t\t\t\t\t\t\t\t<\/span>\n\t\t\t\t<\/span>\n\t\t\t\t\t\t\t\t<\/li>\n\t\t\t\t\t\t\t<li class=\"cmsmasters-widget-icon-list-item active-icon-item\">\n\t\t\t\t\t\t\t\t<span class=\"cmsmasters-widget-icon-list-item-text-wrap\">\n\t\t\t\t\t\t\t\t\t\t\t<span class=\"cmsmasters-widget-icon-list-item-icon\">\n\t\t\t\t\t\t\t<span>\n\t\t\t\t\t\t\t\t\t\t\t\t\t\t\t\t\t<svg aria-hidden=\"true\" class=\"e-font-icon-svg e-far-window-close\" viewbox=\"0 0 512 512\" xmlns=\"http:\/\/www.w3.org\/2000\/svg\"><path d=\"M464 32H48C21.5 32 0 53.5 0 80v352c0 26.5 21.5 48 48 48h416c26.5 0 48-21.5 48-48V80c0-26.5-21.5-48-48-48zm0 394c0 3.3-2.7 6-6 6H54c-3.3 0-6-2.7-6-6V86c0-3.3 2.7-6 6-6h404c3.3 0 6 2.7 6 6v340zM356.5 194.6L295.1 256l61.4 61.4c4.6 4.6 4.6 12.1 0 16.8l-22.3 22.3c-4.6 4.6-12.1 4.6-16.8 0L256 295.1l-61.4 61.4c-4.6 4.6-12.1 4.6-16.8 0l-22.3-22.3c-4.6-4.6-4.6-12.1 0-16.8l61.4-61.4-61.4-61.4c-4.6-4.6-4.6-12.1 0-16.8l22.3-22.3c4.6-4.6 12.1-4.6 16.8 0l61.4 61.4 61.4-61.4c4.6-4.6 12.1-4.6 16.8 0l22.3 22.3c4.7 4.6 4.7 12.1 0 16.8z\"><\/path><\/svg>\t\t\t\t\t\t\t\t\t\t\t\t\t\t\t<\/span>\n\t\t\t\t\t\t<\/span>\n\t\t\t\t\t\t\t\t\t\t<span class=\"cmsmasters-widget-icon-list-item-text-inner\">\n\t\t\t\t\t\t<span class=\"cmsmasters-widget-icon-list-item-text cmsmasters-widget-icon-list-item-text\">\n\t\t\t\t\t\t\tSaturday - Sunday: closed\t\t\t\t\t\t<\/span>\n\t\t\t\t\t\t\t\t\t\t\t<\/span>\n\t\t\t\t<\/span>\n\t\t\t\t\t\t\t\t<\/li>\n\t\t\t\t\t<\/ul>\n\t\t\t\t\t\t<\/div>\n\t\t\t\t<\/div>\n\t\t\t\t<\/div>\n\t\t\t\t\t<\/div>\n\t\t\t\t<\/div>\n\t\t<div class=\"elementor-element elementor-element-a49aa11 e-flex e-con-boxed cmsmasters-block-default e-con e-parent\" data-id=\"a49aa11\" data-element_type=\"container\">\n\t\t\t\t\t<div class=\"e-con-inner\">\n\t\t<div class=\"elementor-element elementor-element-05398dd e-con-full e-flex cmsmasters-block-default e-con e-child\" data-id=\"05398dd\" data-element_type=\"container\">\n\t\t\t\t<div class=\"elementor-element elementor-element-a1144a0 cmsmasters-block-default cmsmasters-sticky-default elementor-widget elementor-widget-image\" data-id=\"a1144a0\" data-element_type=\"widget\" data-widget_type=\"image.default\">\n\t\t\t\t<div class=\"elementor-widget-container\">\n\t\t\t\t\t\t\t\t\t\t\t\t\t\t\t<img fetchpriority=\"high\" decoding=\"async\" width=\"1400\" height=\"1400\" src=\"image\/png;base64,iVBORw0KGgoAAAANSUhEUgAAAAEAAAABAQMAAAAl21bKAAAAA1BMVEUAAP+KeNJXAAAAAXRSTlMAQObYZgAAAAlwSFlzAAAOxAAADsQBlSsOGwAAAApJREFUCNdjYAAAAAIAAeIhvDMAAAAASUVORK5CYII=\" class=\"attachment-full size-full wp-image-15 cmsmasters_img cmsmasters-lazyload lazyload\" alt=\"Dr_Csert\u00e1n_Bal\u00e1zs_\u00fcgyv\u00e9d_balaton_budapest\" data-sizes=\"(max-width: 1400px) 100vw, 1400px\" data-src=\"https:\/\/drcsertan.hu\/wp-content\/uploads\/2024\/04\/Dr_Csertan_Balazs_ugyved_balaton_budapest_4.jpg\" data-srcset=\"https:\/\/drcsertan.hu\/wp-content\/uploads\/2024\/04\/Dr_Csertan_Balazs_ugyved_balaton_budapest_4.jpg 1400w, https:\/\/drcsertan.hu\/wp-content\/uploads\/2024\/04\/Dr_Csertan_Balazs_ugyved_balaton_budapest_4-300x300.jpg 300w, https:\/\/drcsertan.hu\/wp-content\/uploads\/2024\/04\/Dr_Csertan_Balazs_ugyved_balaton_budapest_4-1024x1024.jpg 1024w, https:\/\/drcsertan.hu\/wp-content\/uploads\/2024\/04\/Dr_Csertan_Balazs_ugyved_balaton_budapest_4-150x150.jpg 150w, https:\/\/drcsertan.hu\/wp-content\/uploads\/2024\/04\/Dr_Csertan_Balazs_ugyved_balaton_budapest_4-768x768.jpg 768w\" \/>\t\t\t\t\t\t\t\t\t\t\t\t\t\t\t<\/div>\n\t\t\t\t<\/div>\n\t\t\t\t<\/div>\n\t\t<div class=\"elementor-element elementor-element-afa6c61 e-con-full e-flex cmsmasters-block-default e-con e-child\" data-id=\"afa6c61\" data-element_type=\"container\">\n\t\t\t\t<div class=\"elementor-element elementor-element-b28baf7 cmsmasters-block-default cmsmasters-sticky-default elementor-widget elementor-widget-heading\" data-id=\"b28baf7\" data-element_type=\"widget\" data-widget_type=\"heading.default\">\n\t\t\t\t<div class=\"elementor-widget-container\">\n\t\t\t\t\t<h3 class=\"elementor-heading-title elementor-size-default\">Contact us!<\/h3>\t\t\t\t<\/div>\n\t\t\t\t<\/div>\n\t\t\t\t<div class=\"elementor-element elementor-element-2359c49 cmsmasters-block-default cmsmasters-sticky-default elementor-widget elementor-widget-shortcode\" data-id=\"2359c49\" data-element_type=\"widget\" data-widget_type=\"shortcode.default\">\n\t\t\t\t<div class=\"elementor-widget-container\">\n\t\t\t\t\t\t\t<div class=\"elementor-shortcode\">\n<div class=\"wpcf7 no-js\" id=\"wpcf7-f39535-o1\" lang=\"hu-HU\" dir=\"ltr\" data-wpcf7-id=\"39535\">\n<div class=\"screen-reader-response\"><p role=\"status\" aria-live=\"polite\" aria-atomic=\"true\"><\/p> <ul><\/ul><\/div>\n<form action=\"\/en\/wp-json\/wp\/v2\/pages\/1617#wpcf7-f39535-o1\" method=\"post\" class=\"wpcf7-form init\" aria-label=\"Kapcsolatfelv\u00e9teli \u0171rlap\" novalidate=\"novalidate\" data-status=\"init\" data-trp-original-action=\"\/en\/wp-json\/wp\/v2\/pages\/1617#wpcf7-f39535-o1\">\n<fieldset class=\"hidden-fields-container\"><input type=\"hidden\" name=\"_wpcf7\" value=\"39535\" \/><input type=\"hidden\" name=\"_wpcf7_version\" value=\"6.1.4\" \/><input type=\"hidden\" name=\"_wpcf7_locale\" value=\"hu_HU\" \/><input type=\"hidden\" name=\"_wpcf7_unit_tag\" value=\"wpcf7-f39535-o1\" \/><input type=\"hidden\" name=\"_wpcf7_container_post\" value=\"0\" \/><input type=\"hidden\" name=\"_wpcf7_posted_data_hash\" value=\"\" \/>\n<\/fieldset>\n<p><label> Full name<br \/>\n<span class=\"wpcf7-form-control-wrap\" data-name=\"your-name\"><input size=\"40\" maxlength=\"400\" class=\"wpcf7-form-control wpcf7-text\" autocomplete=\"name\" aria-invalid=\"false\" value=\"\" type=\"text\" name=\"your-name\" \/><\/span> <\/label>\n<\/p>\n<p><span class=\"wpcf7-form-control-wrap\" data-name=\"checkbox-450\"><span class=\"wpcf7-form-control wpcf7-checkbox\"><span class=\"wpcf7-list-item first last\"><label><input type=\"checkbox\" name=\"checkbox-450[]\" value=\"N\u00e9vtelen\u00fcl \u00edrok\" \/><span class=\"wpcf7-list-item-label\">I am writing anonymously.<\/span><\/label><\/span><\/span><\/span>\n<\/p>\n<p><label> Phone<br \/>\n<span class=\"wpcf7-form-control-wrap\" data-name=\"tel-427\"><input size=\"40\" maxlength=\"400\" class=\"wpcf7-form-control wpcf7-tel wpcf7-validates-as-required wpcf7-text wpcf7-validates-as-tel\" aria-required=\"true\" aria-invalid=\"false\" value=\"\" type=\"tel\" name=\"tel-427\" \/><\/span><\/label>\n<\/p>\n<p><label> Email address<br \/>\n<span class=\"wpcf7-form-control-wrap\" data-name=\"your-email\"><input size=\"40\" maxlength=\"400\" class=\"wpcf7-form-control wpcf7-email wpcf7-text wpcf7-validates-as-email\" autocomplete=\"email\" aria-invalid=\"false\" value=\"\" type=\"email\" name=\"your-email\" \/><\/span> <\/label>\n<\/p>\n<p><label> Please describe how we can help.<br \/>\n<span class=\"wpcf7-form-control-wrap\" data-name=\"your-message\"><textarea cols=\"40\" rows=\"10\" maxlength=\"2000\" class=\"wpcf7-form-control wpcf7-textarea\" aria-invalid=\"false\" name=\"your-message\"><\/textarea><\/span> <\/label>\n<\/p>\n<p><input class=\"wpcf7-form-control wpcf7-submit has-spinner\" type=\"submit\" value=\"Submit\" \/>\n<\/p><p style=\"display: none !important;\" class=\"akismet-fields-container\" data-prefix=\"_wpcf7_ak_\"><label>&#916;<textarea name=\"_wpcf7_ak_hp_textarea\" cols=\"45\" rows=\"8\" maxlength=\"100\"><\/textarea><\/label><input type=\"hidden\" id=\"ak_js_1\" name=\"_wpcf7_ak_js\" value=\"159\"\/><script>document.getElementById( \"ak_js_1\" ).setAttribute( \"value\", ( new Date() ).getTime() );<\/script><\/p><div class=\"wpcf7-response-output\" aria-hidden=\"true\"><\/div>\n<input type=\"hidden\" name=\"trp-form-language\" value=\"en\"\/><\/form>\n<\/div>\n<\/div>\n\t\t\t\t\t\t<\/div>\n\t\t\t\t<\/div>\n\t\t\t\t<\/div>\n\t\t\t\t\t<\/div>\n\t\t\t\t<\/div>\n\t\t\t\t<\/div>","protected":false},"excerpt":{"rendered":"<p>Dr. Csert\u00e1n Bal\u00e1zs \u00fcgyv\u00e9d El\u00e9rhet\u0151s\u00e9g +36305969261 csertan@drcsertan.hu 8251 Z\u00e1nka, Naplemente utca 6. Nyitvatart\u00e1s H\u00e9tf\u0151 &#8211; P\u00e9ntek: 08:00-18:00 Szombat &#8211; Vas\u00e1rnap: z\u00e1rva L\u00e9pjen vel\u00fcnk kapcsolatba!<\/p>","protected":false},"author":1,"featured_media":15,"parent":0,"menu_order":0,"comment_status":"closed","ping_status":"closed","template":"","meta":{"_acf_changed":false,"inline_featured_image":false,"_monsterinsights_skip_tracking":false,"_monsterinsights_sitenote_active":false,"_monsterinsights_sitenote_note":"","_monsterinsights_sitenote_category":0,"footnotes":""},"class_list":["post-1617","page","type-page","status-publish","has-post-thumbnail","hentry"],"acf":[],"yoast_head":"<!-- This site is optimized with the Yoast SEO plugin v26.5 - https:\/\/yoast.com\/wordpress\/plugins\/seo\/ -->\n<title>Kapcsolat - Dr. Csert\u00e1n Bal\u00e1zs Szakszer\u0171 \u00e9s megb\u00edzhat\u00f3 \u00fcgyv\u00e9d Balaton \u00e9s k\u00f6rny\u00e9k\u00e9n<\/title>\n<meta name=\"description\" content=\"Szakszer\u0171, rugalmas \u00fcgyv\u00e9d Balaton \u00e9s k\u00f6rny\u00e9k\u00e9n. Ingatlanjog, t\u00e1rsas\u00e1gi jog, \u00f6r\u00f6kl\u00e9si jog, \u00e9p\u00edt\u00e9si jog, szerz\u0151d\u00e9sek \u00e9s tov\u00e1bbi szakter\u00fcletek\" \/>\n<meta name=\"robots\" content=\"index, follow, max-snippet:-1, max-image-preview:large, max-video-preview:-1\" \/>\n<link rel=\"canonical\" href=\"https:\/\/drcsertan.hu\/en\/kapcsolat\/\" \/>\n<meta property=\"og:locale\" content=\"en_GB\" \/>\n<meta property=\"og:type\" content=\"article\" \/>\n<meta property=\"og:title\" content=\"Kapcsolat - Dr. Csert\u00e1n Bal\u00e1zs Szakszer\u0171 \u00e9s megb\u00edzhat\u00f3 \u00fcgyv\u00e9d Balaton \u00e9s k\u00f6rny\u00e9k\u00e9n\" \/>\n<meta property=\"og:description\" content=\"Szakszer\u0171, rugalmas \u00fcgyv\u00e9d Balaton \u00e9s k\u00f6rny\u00e9k\u00e9n. Ingatlanjog, t\u00e1rsas\u00e1gi jog, \u00f6r\u00f6kl\u00e9si jog, \u00e9p\u00edt\u00e9si jog, szerz\u0151d\u00e9sek \u00e9s tov\u00e1bbi szakter\u00fcletek\" \/>\n<meta property=\"og:url\" content=\"https:\/\/drcsertan.hu\/en\/kapcsolat\/\" \/>\n<meta property=\"og:site_name\" content=\"Dr. Csert\u00e1n Bal\u00e1zs\" \/>\n<meta property=\"article:modified_time\" content=\"2025-03-25T10:43:44+00:00\" \/>\n<meta property=\"og:image\" content=\"https:\/\/drcsertan.hu\/wp-content\/uploads\/2024\/04\/Dr_Csertan_Balazs_ugyved_balaton_budapest_4.jpg\" \/>\n\t<meta property=\"og:image:width\" content=\"1400\" \/>\n\t<meta property=\"og:image:height\" content=\"1400\" \/>\n\t<meta property=\"og:image:type\" content=\"image\/jpeg\" \/>\n<meta name=\"twitter:card\" content=\"summary_large_image\" \/>\n<meta name=\"twitter:label1\" content=\"Estimated reading time\" \/>\n\t<meta name=\"twitter:data1\" content=\"1 minute\" \/>\n<script type=\"application\/ld+json\" class=\"yoast-schema-graph\">{\"@context\":\"https:\/\/schema.org\",\"@graph\":[{\"@type\":\"WebPage\",\"@id\":\"https:\/\/drcsertan.hu\/kapcsolat\/\",\"url\":\"https:\/\/drcsertan.hu\/kapcsolat\/\",\"name\":\"Kapcsolat - Dr. Csert\u00e1n Bal\u00e1zs Szakszer\u0171 \u00e9s megb\u00edzhat\u00f3 \u00fcgyv\u00e9d Balaton \u00e9s k\u00f6rny\u00e9k\u00e9n\",\"isPartOf\":{\"@id\":\"https:\/\/drcsertan.hu\/#website\"},\"primaryImageOfPage\":{\"@id\":\"https:\/\/drcsertan.hu\/kapcsolat\/#primaryimage\"},\"image\":{\"@id\":\"https:\/\/drcsertan.hu\/kapcsolat\/#primaryimage\"},\"thumbnailUrl\":\"https:\/\/drcsertan.hu\/wp-content\/uploads\/2024\/04\/Dr_Csertan_Balazs_ugyved_balaton_budapest_4.jpg\",\"datePublished\":\"2023-08-11T15:15:54+00:00\",\"dateModified\":\"2025-03-25T10:43:44+00:00\",\"description\":\"Szakszer\u0171, rugalmas \u00fcgyv\u00e9d Balaton \u00e9s k\u00f6rny\u00e9k\u00e9n. Ingatlanjog, t\u00e1rsas\u00e1gi jog, \u00f6r\u00f6kl\u00e9si jog, \u00e9p\u00edt\u00e9si jog, szerz\u0151d\u00e9sek \u00e9s tov\u00e1bbi szakter\u00fcletek\",\"breadcrumb\":{\"@id\":\"https:\/\/drcsertan.hu\/kapcsolat\/#breadcrumb\"},\"inLanguage\":\"en-GB\",\"potentialAction\":[{\"@type\":\"ReadAction\",\"target\":[\"https:\/\/drcsertan.hu\/kapcsolat\/\"]}]},{\"@type\":\"ImageObject\",\"inLanguage\":\"en-GB\",\"@id\":\"https:\/\/drcsertan.hu\/kapcsolat\/#primaryimage\",\"url\":\"https:\/\/drcsertan.hu\/wp-content\/uploads\/2024\/04\/Dr_Csertan_Balazs_ugyved_balaton_budapest_4.jpg\",\"contentUrl\":\"https:\/\/drcsertan.hu\/wp-content\/uploads\/2024\/04\/Dr_Csertan_Balazs_ugyved_balaton_budapest_4.jpg\",\"width\":1400,\"height\":1400,\"caption\":\"Dr_Csert\u00e1n_Bal\u00e1zs_\u00fcgyv\u00e9d_balaton_budapest\"},{\"@type\":\"BreadcrumbList\",\"@id\":\"https:\/\/drcsertan.hu\/kapcsolat\/#breadcrumb\",\"itemListElement\":[{\"@type\":\"ListItem\",\"position\":1,\"name\":\"Kezd\u0151lap\",\"item\":\"https:\/\/drcsertan.hu\/\"},{\"@type\":\"ListItem\",\"position\":2,\"name\":\"Kapcsolat\"}]},{\"@type\":\"WebSite\",\"@id\":\"https:\/\/drcsertan.hu\/#website\",\"url\":\"https:\/\/drcsertan.hu\/\",\"name\":\"Dr. Csert\u00e1n Bal\u00e1zs\",\"description\":\"Dr. Csert\u00e1n Bal\u00e1zs \u00fcgyv\u00e9d\",\"potentialAction\":[{\"@type\":\"SearchAction\",\"target\":{\"@type\":\"EntryPoint\",\"urlTemplate\":\"https:\/\/drcsertan.hu\/?s={search_term_string}\"},\"query-input\":{\"@type\":\"PropertyValueSpecification\",\"valueRequired\":true,\"valueName\":\"search_term_string\"}}],\"inLanguage\":\"en-GB\"}]}<\/script>\n<!-- \/ Yoast SEO plugin. -->","yoast_head_json":{"title":"Kapcsolat - Dr. Csert\u00e1n Bal\u00e1zs Szakszer\u0171 \u00e9s megb\u00edzhat\u00f3 \u00fcgyv\u00e9d Balaton \u00e9s k\u00f6rny\u00e9k\u00e9n","description":"Szakszer\u0171, rugalmas \u00fcgyv\u00e9d Balaton \u00e9s k\u00f6rny\u00e9k\u00e9n. Ingatlanjog, t\u00e1rsas\u00e1gi jog, \u00f6r\u00f6kl\u00e9si jog, \u00e9p\u00edt\u00e9si jog, szerz\u0151d\u00e9sek \u00e9s tov\u00e1bbi szakter\u00fcletek","robots":{"index":"index","follow":"follow","max-snippet":"max-snippet:-1","max-image-preview":"max-image-preview:large","max-video-preview":"max-video-preview:-1"},"canonical":"https:\/\/drcsertan.hu\/en\/kapcsolat\/","og_locale":"en_GB","og_type":"article","og_title":"Kapcsolat - Dr. Csert\u00e1n Bal\u00e1zs Szakszer\u0171 \u00e9s megb\u00edzhat\u00f3 \u00fcgyv\u00e9d Balaton \u00e9s k\u00f6rny\u00e9k\u00e9n","og_description":"Szakszer\u0171, rugalmas \u00fcgyv\u00e9d Balaton \u00e9s k\u00f6rny\u00e9k\u00e9n. Ingatlanjog, t\u00e1rsas\u00e1gi jog, \u00f6r\u00f6kl\u00e9si jog, \u00e9p\u00edt\u00e9si jog, szerz\u0151d\u00e9sek \u00e9s tov\u00e1bbi szakter\u00fcletek","og_url":"https:\/\/drcsertan.hu\/en\/kapcsolat\/","og_site_name":"Dr. Csert\u00e1n Bal\u00e1zs","article_modified_time":"2025-03-25T10:43:44+00:00","og_image":[{"width":1400,"height":1400,"url":"https:\/\/drcsertan.hu\/wp-content\/uploads\/2024\/04\/Dr_Csertan_Balazs_ugyved_balaton_budapest_4.jpg","type":"image\/jpeg"}],"twitter_card":"summary_large_image","twitter_misc":{"Estimated reading time":"1 minute"},"schema":{"@context":"https:\/\/schema.org","@graph":[{"@type":"WebPage","@id":"https:\/\/drcsertan.hu\/kapcsolat\/","url":"https:\/\/drcsertan.hu\/kapcsolat\/","name":"Kapcsolat - Dr. Csert\u00e1n Bal\u00e1zs Szakszer\u0171 \u00e9s megb\u00edzhat\u00f3 \u00fcgyv\u00e9d Balaton \u00e9s k\u00f6rny\u00e9k\u00e9n","isPartOf":{"@id":"https:\/\/drcsertan.hu\/#website"},"primaryImageOfPage":{"@id":"https:\/\/drcsertan.hu\/kapcsolat\/#primaryimage"},"image":{"@id":"https:\/\/drcsertan.hu\/kapcsolat\/#primaryimage"},"thumbnailUrl":"https:\/\/drcsertan.hu\/wp-content\/uploads\/2024\/04\/Dr_Csertan_Balazs_ugyved_balaton_budapest_4.jpg","datePublished":"2023-08-11T15:15:54+00:00","dateModified":"2025-03-25T10:43:44+00:00","description":"Szakszer\u0171, rugalmas \u00fcgyv\u00e9d Balaton \u00e9s k\u00f6rny\u00e9k\u00e9n. Ingatlanjog, t\u00e1rsas\u00e1gi jog, \u00f6r\u00f6kl\u00e9si jog, \u00e9p\u00edt\u00e9si jog, szerz\u0151d\u00e9sek \u00e9s tov\u00e1bbi szakter\u00fcletek","breadcrumb":{"@id":"https:\/\/drcsertan.hu\/kapcsolat\/#breadcrumb"},"inLanguage":"en-GB","potentialAction":[{"@type":"ReadAction","target":["https:\/\/drcsertan.hu\/kapcsolat\/"]}]},{"@type":"ImageObject","inLanguage":"en-GB","@id":"https:\/\/drcsertan.hu\/kapcsolat\/#primaryimage","url":"https:\/\/drcsertan.hu\/wp-content\/uploads\/2024\/04\/Dr_Csertan_Balazs_ugyved_balaton_budapest_4.jpg","contentUrl":"https:\/\/drcsertan.hu\/wp-content\/uploads\/2024\/04\/Dr_Csertan_Balazs_ugyved_balaton_budapest_4.jpg","width":1400,"height":1400,"caption":"Dr_Csert\u00e1n_Bal\u00e1zs_\u00fcgyv\u00e9d_balaton_budapest"},{"@type":"BreadcrumbList","@id":"https:\/\/drcsertan.hu\/kapcsolat\/#breadcrumb","itemListElement":[{"@type":"ListItem","position":1,"name":"Kezd\u0151lap","item":"https:\/\/drcsertan.hu\/"},{"@type":"ListItem","position":2,"name":"Kapcsolat"}]},{"@type":"WebSite","@id":"https:\/\/drcsertan.hu\/#website","url":"https:\/\/drcsertan.hu\/","name":"Dr. Bal\u00e1zs Csertan","description":"Dr. Bal\u00e1zs Csert\u00e1n, attorney","potentialAction":[{"@type":"SearchAction","target":{"@type":"EntryPoint","urlTemplate":"https:\/\/drcsertan.hu\/?s={search_term_string}"},"query-input":{"@type":"PropertyValueSpecification","valueRequired":true,"valueName":"search_term_string"}}],"inLanguage":"en-GB"}]}},"_links":{"self":[{"href":"https:\/\/drcsertan.hu\/en\/wp-json\/wp\/v2\/pages\/1617","targetHints":{"allow":["GET"]}}],"collection":[{"href":"https:\/\/drcsertan.hu\/en\/wp-json\/wp\/v2\/pages"}],"about":[{"href":"https:\/\/drcsertan.hu\/en\/wp-json\/wp\/v2\/types\/page"}],"author":[{"embeddable":true,"href":"https:\/\/drcsertan.hu\/en\/wp-json\/wp\/v2\/users\/1"}],"replies":[{"embeddable":true,"href":"https:\/\/drcsertan.hu\/en\/wp-json\/wp\/v2\/comments?post=1617"}],"version-history":[{"count":0,"href":"https:\/\/drcsertan.hu\/en\/wp-json\/wp\/v2\/pages\/1617\/revisions"}],"wp:featuredmedia":[{"embeddable":true,"href":"https:\/\/drcsertan.hu\/en\/wp-json\/wp\/v2\/media\/15"}],"wp:attachment":[{"href":"https:\/\/drcsertan.hu\/en\/wp-json\/wp\/v2\/media?parent=1617"}],"curies":[{"name":"wp","href":"https:\/\/api.w.org\/{rel}","templated":true}]}}