{"id":1457,"date":"2023-08-11T11:19:21","date_gmt":"2023-08-11T11:19:21","guid":{"rendered":"https:\/\/theme-dev.cmsmasters.net\/lawbusiness-2\/?page_id=1457"},"modified":"2025-02-27T09:12:04","modified_gmt":"2025-02-27T09:12:04","slug":"blog","status":"publish","type":"page","link":"https:\/\/drcsertan.hu\/en\/blog\/","title":{"rendered":"Blog"},"content":{"rendered":"<div data-elementor-type=\"wp-page\" data-elementor-id=\"1457\" class=\"elementor elementor-1457\">\n\t\t\t\t<div class=\"elementor-element elementor-element-ebd7d12 e-flex e-con-boxed cmsmasters-block-default e-con e-parent\" data-id=\"ebd7d12\" data-element_type=\"container\" data-settings=\"{&quot;background_background&quot;:&quot;classic&quot;}\">\n\t\t\t\t\t<div class=\"e-con-inner\">\n\t\t<div class=\"elementor-element elementor-element-9a0d49b e-con-full e-flex cmsmasters-block-default e-con e-child\" data-id=\"9a0d49b\" data-element_type=\"container\">\n\t\t\t\t<div class=\"elementor-element elementor-element-5bbdea5 cmsmasters-line-clamp-no cmsmasters-color-variation-default cmsmasters-pointer-none cmsmasters-block-default cmsmasters-sticky-default elementor-widget elementor-widget-cmsmasters-page-title cmsmasters-widget-title\" data-id=\"5bbdea5\" data-element_type=\"widget\" data-widget_type=\"cmsmasters-page-title.default\">\n\t\t\t\t<div class=\"elementor-widget-container\">\n\t\t\t\t\t<h1 class=\"entry-title cmsmasters-widget-title__heading\">Archives<\/h1>\t\t\t\t<\/div>\n\t\t\t\t<\/div>\n\t\t\t\t<\/div>\n\t\t<div class=\"elementor-element elementor-element-8bc1ca9 e-con-full e-flex cmsmasters-block-default e-con e-child\" data-id=\"8bc1ca9\" data-element_type=\"container\">\n\t\t\t\t<div class=\"elementor-element elementor-element-5115c50 cmsmasters-breadcrumbs-alignment-right cmsmasters-breadcrumbs-type-cmsmasters cmsmasters-separator-type-text cmsmasters-block-default cmsmasters-sticky-default elementor-widget elementor-widget-cmsmasters-breadcrumbs cmsmasters-widget-breadcrumbs\" data-id=\"5115c50\" data-element_type=\"widget\" data-widget_type=\"cmsmasters-breadcrumbs.default\">\n\t\t\t\t<div class=\"elementor-widget-container\">\n\t\t\t\t\t<div class=\"cmsmasters-widget-breadcrumbs__container\"><div class=\"cmsmasters-widget-breadcrumbs__content\"><a href=\"https:\/\/drcsertan.hu\/en\/\" class=\"cmsmasters-home\">Home<\/a><span class=\"cmsmasters-widget-breadcrumbs__sep\"><span>\/<\/span><\/span><span>No breadcrumbs<\/span><\/div><\/div>\t\t\t\t<\/div>\n\t\t\t\t<\/div>\n\t\t\t\t<\/div>\n\t\t\t\t\t<\/div>\n\t\t\t\t<\/div>\n\t\t<div class=\"elementor-element elementor-element-4e8c421 e-flex e-con-boxed cmsmasters-block-default e-con e-parent\" data-id=\"4e8c421\" data-element_type=\"container\">\n\t\t\t\t\t<div class=\"e-con-inner\">\n\t\t\t\t<div class=\"elementor-element elementor-element-b0f365e cmsmasters-blog--layout-default cmsmasters-blog-grid-marker__marker-icon cmsmasters-pagination--pagination cmsmasters-pagination-pagination-type--numbers_and_prev_next cmsmasters-block-default cmsmasters-sticky-default elementor-widget elementor-widget-cmsmasters-blog-grid elementor-widget-cmsmasters-blog-similar\" data-id=\"b0f365e\" data-element_type=\"widget\" data-settings=\"{&quot;post_gap_row_mobile&quot;:{&quot;unit&quot;:&quot;px&quot;,&quot;size&quot;:48,&quot;sizes&quot;:[]},&quot;blog_layout&quot;:&quot;default&quot;,&quot;columns&quot;:3,&quot;columns_mobile&quot;:&quot;1&quot;,&quot;blog_post_type&quot;:&quot;post&quot;,&quot;query_control_prefix&quot;:&quot;blog&quot;,&quot;post_gap_column&quot;:{&quot;unit&quot;:&quot;px&quot;,&quot;size&quot;:&quot;&quot;,&quot;sizes&quot;:[]},&quot;post_gap_column_widescreen&quot;:{&quot;unit&quot;:&quot;px&quot;,&quot;size&quot;:&quot;&quot;,&quot;sizes&quot;:[]},&quot;post_gap_column_tablet&quot;:{&quot;unit&quot;:&quot;px&quot;,&quot;size&quot;:&quot;&quot;,&quot;sizes&quot;:[]},&quot;post_gap_row&quot;:{&quot;unit&quot;:&quot;px&quot;,&quot;size&quot;:&quot;&quot;,&quot;sizes&quot;:[]},&quot;post_gap_row_widescreen&quot;:{&quot;unit&quot;:&quot;px&quot;,&quot;size&quot;:&quot;&quot;,&quot;sizes&quot;:[]},&quot;post_gap_row_tablet&quot;:{&quot;unit&quot;:&quot;px&quot;,&quot;size&quot;:&quot;&quot;,&quot;sizes&quot;:[]},&quot;border_columns_type&quot;:&quot;solid&quot;,&quot;border_vertical_width&quot;:{&quot;unit&quot;:&quot;px&quot;,&quot;size&quot;:1,&quot;sizes&quot;:[]},&quot;border_vertical_width_widescreen&quot;:{&quot;unit&quot;:&quot;px&quot;,&quot;size&quot;:&quot;&quot;,&quot;sizes&quot;:[]},&quot;border_vertical_width_tablet&quot;:{&quot;unit&quot;:&quot;px&quot;,&quot;size&quot;:&quot;&quot;,&quot;sizes&quot;:[]},&quot;border_vertical_width_mobile&quot;:{&quot;unit&quot;:&quot;px&quot;,&quot;size&quot;:&quot;&quot;,&quot;sizes&quot;:[]},&quot;border_horizontal_width&quot;:{&quot;unit&quot;:&quot;px&quot;,&quot;size&quot;:&quot;&quot;,&quot;sizes&quot;:[]},&quot;border_horizontal_width_widescreen&quot;:{&quot;unit&quot;:&quot;px&quot;,&quot;size&quot;:&quot;&quot;,&quot;sizes&quot;:[]},&quot;border_horizontal_width_tablet&quot;:{&quot;unit&quot;:&quot;px&quot;,&quot;size&quot;:&quot;&quot;,&quot;sizes&quot;:[]},&quot;border_horizontal_width_mobile&quot;:{&quot;unit&quot;:&quot;px&quot;,&quot;size&quot;:&quot;&quot;,&quot;sizes&quot;:[]},&quot;pagination_show&quot;:&quot;yes&quot;,&quot;pagination_type&quot;:&quot;pagination&quot;,&quot;pagination_via_ajax&quot;:&quot;yes&quot;,&quot;pagination_save_state&quot;:&quot;yes&quot;}\" data-widget_type=\"cmsmasters-blog-grid.default\" data-document-id=\"1457\">\n\t\t\t\t<div class=\"elementor-widget-container\">\n\t\t\t\t\t<div class=\"cmsmasters-blog cmsmasters-blog-grid cmsmasters-blog--type-default\"><div class=\"cmsmasters-blog__posts-variable\"><div class=\"cmsmasters-blog__posts-wrap\"><div class=\"cmsmasters-blog__posts\"><article id=\"post-39359\" class=\"cmsmasters-blog__post post-39359 post type-post status-publish format-standard has-post-thumbnail hentry category-uncategorized\"><div class=\"cmsmasters-blog__post-inner\"><div class=\"cmsmasters-blog__post-thumbnail\"><a href=\"https:\/\/drcsertan.hu\/en\/2025\/02\/26\/ingatlan-ajandekozasi-szerzodes\/\" class=\"cmsmasters-blog__post-thumbnail__inner\"><img fetchpriority=\"high\" decoding=\"async\" width=\"768\" height=\"512\" src=\"https:\/\/drcsertan.hu\/wp-content\/uploads\/2025\/02\/house-key-box-pink-background-1-30x20.jpg\" class=\"attachment-medium_large size-medium_large wp-image-39361 cmsmasters_img cmsmasters-lazyload lazyload\" alt=\"\" data-sizes=\"(max-width: 768px) 100vw, 768px\" data-src=\"https:\/\/drcsertan.hu\/wp-content\/uploads\/2025\/02\/house-key-box-pink-background-1-768x512.jpg\" data-srcset=\"https:\/\/drcsertan.hu\/wp-content\/uploads\/2025\/02\/house-key-box-pink-background-1-768x512.jpg 768w, https:\/\/drcsertan.hu\/wp-content\/uploads\/2025\/02\/house-key-box-pink-background-1-300x200.jpg 300w, https:\/\/drcsertan.hu\/wp-content\/uploads\/2025\/02\/house-key-box-pink-background-1-1024x682.jpg 1024w, https:\/\/drcsertan.hu\/wp-content\/uploads\/2025\/02\/house-key-box-pink-background-1-450x300.jpg 450w, https:\/\/drcsertan.hu\/wp-content\/uploads\/2025\/02\/house-key-box-pink-background-1-30x20.jpg 30w, https:\/\/drcsertan.hu\/wp-content\/uploads\/2025\/02\/house-key-box-pink-background-1-15x10.jpg 15w, https:\/\/drcsertan.hu\/wp-content\/uploads\/2025\/02\/house-key-box-pink-background-1.jpg 1400w\" srcset=\"https:\/\/drcsertan.hu\/wp-content\/uploads\/2025\/02\/house-key-box-pink-background-1-30x20.jpg 30w, https:\/\/drcsertan.hu\/wp-content\/uploads\/2025\/02\/house-key-box-pink-background-1-300x200.jpg 300w, https:\/\/drcsertan.hu\/wp-content\/uploads\/2025\/02\/house-key-box-pink-background-1-1024x682.jpg 1024w, https:\/\/drcsertan.hu\/wp-content\/uploads\/2025\/02\/house-key-box-pink-background-1-768x512.jpg 768w, https:\/\/drcsertan.hu\/wp-content\/uploads\/2025\/02\/house-key-box-pink-background-1-450x300.jpg 450w, https:\/\/drcsertan.hu\/wp-content\/uploads\/2025\/02\/house-key-box-pink-background-1-15x10.jpg 15w, https:\/\/drcsertan.hu\/wp-content\/uploads\/2025\/02\/house-key-box-pink-background-1.jpg 1400w\" sizes=\"(max-width: 768px) 100vw, 768px\" \/><\/a><\/div><h3 class=\"cmsmasters-blog__post-title\"><a href=\"https:\/\/drcsertan.hu\/en\/2025\/02\/26\/ingatlan-ajandekozasi-szerzodes\/\">Real estate gift agreement: Everything you need to know<\/a><\/h3><div class=\"cmsmasters-blog__post-excerpt\">A real estate gift contract is a legal act that allows the donor to transfer ownership of a real estate to the donee free of charge, under the title of gift.<\/div><div class=\"cmsmasters-blog__post_footer\"><a class=\"cmsmasters-blog__post__read_more cmsmasters-theme-button\" href=\"https:\/\/drcsertan.hu\/en\/2025\/02\/26\/ingatlan-ajandekozasi-szerzodes\/\"><span>I&#039;m reading more<\/span><\/a><\/div><\/div><\/article><article id=\"post-39349\" class=\"cmsmasters-blog__post post-39349 post type-post status-publish format-standard has-post-thumbnail hentry category-uncategorized\"><div class=\"cmsmasters-blog__post-inner\"><div class=\"cmsmasters-blog__post-thumbnail\"><a href=\"https:\/\/drcsertan.hu\/en\/2025\/02\/26\/a-csaladtagjat-az-orokleskor-ismeri-meg-igazan-az-ember\/\" class=\"cmsmasters-blog__post-thumbnail__inner\"><img decoding=\"async\" width=\"768\" height=\"512\" src=\"https:\/\/drcsertan.hu\/wp-content\/uploads\/2025\/02\/coins-house-model-female-male-wooden-figures-wooden-background-concept-housing-acquisition-1-30x20.jpg\" class=\"attachment-medium_large size-medium_large wp-image-39351 cmsmasters_img cmsmasters-lazyload lazyload\" alt=\"\" data-sizes=\"(max-width: 768px) 100vw, 768px\" data-src=\"https:\/\/drcsertan.hu\/wp-content\/uploads\/2025\/02\/coins-house-model-female-male-wooden-figures-wooden-background-concept-housing-acquisition-1-768x512.jpg\" data-srcset=\"https:\/\/drcsertan.hu\/wp-content\/uploads\/2025\/02\/coins-house-model-female-male-wooden-figures-wooden-background-concept-housing-acquisition-1-768x512.jpg 768w, https:\/\/drcsertan.hu\/wp-content\/uploads\/2025\/02\/coins-house-model-female-male-wooden-figures-wooden-background-concept-housing-acquisition-1-300x200.jpg 300w, https:\/\/drcsertan.hu\/wp-content\/uploads\/2025\/02\/coins-house-model-female-male-wooden-figures-wooden-background-concept-housing-acquisition-1-1024x683.jpg 1024w, https:\/\/drcsertan.hu\/wp-content\/uploads\/2025\/02\/coins-house-model-female-male-wooden-figures-wooden-background-concept-housing-acquisition-1-1536x1024.jpg 1536w, https:\/\/drcsertan.hu\/wp-content\/uploads\/2025\/02\/coins-house-model-female-male-wooden-figures-wooden-background-concept-housing-acquisition-1-450x300.jpg 450w, https:\/\/drcsertan.hu\/wp-content\/uploads\/2025\/02\/coins-house-model-female-male-wooden-figures-wooden-background-concept-housing-acquisition-1-30x20.jpg 30w, https:\/\/drcsertan.hu\/wp-content\/uploads\/2025\/02\/coins-house-model-female-male-wooden-figures-wooden-background-concept-housing-acquisition-1-15x10.jpg 15w, https:\/\/drcsertan.hu\/wp-content\/uploads\/2025\/02\/coins-house-model-female-male-wooden-figures-wooden-background-concept-housing-acquisition-1.jpg 1600w\" srcset=\"https:\/\/drcsertan.hu\/wp-content\/uploads\/2025\/02\/coins-house-model-female-male-wooden-figures-wooden-background-concept-housing-acquisition-1-30x20.jpg 30w, https:\/\/drcsertan.hu\/wp-content\/uploads\/2025\/02\/coins-house-model-female-male-wooden-figures-wooden-background-concept-housing-acquisition-1-300x200.jpg 300w, https:\/\/drcsertan.hu\/wp-content\/uploads\/2025\/02\/coins-house-model-female-male-wooden-figures-wooden-background-concept-housing-acquisition-1-1024x683.jpg 1024w, https:\/\/drcsertan.hu\/wp-content\/uploads\/2025\/02\/coins-house-model-female-male-wooden-figures-wooden-background-concept-housing-acquisition-1-768x512.jpg 768w, https:\/\/drcsertan.hu\/wp-content\/uploads\/2025\/02\/coins-house-model-female-male-wooden-figures-wooden-background-concept-housing-acquisition-1-1536x1024.jpg 1536w, https:\/\/drcsertan.hu\/wp-content\/uploads\/2025\/02\/coins-house-model-female-male-wooden-figures-wooden-background-concept-housing-acquisition-1-450x300.jpg 450w, https:\/\/drcsertan.hu\/wp-content\/uploads\/2025\/02\/coins-house-model-female-male-wooden-figures-wooden-background-concept-housing-acquisition-1-15x10.jpg 15w, https:\/\/drcsertan.hu\/wp-content\/uploads\/2025\/02\/coins-house-model-female-male-wooden-figures-wooden-background-concept-housing-acquisition-1.jpg 1600w\" sizes=\"(max-width: 768px) 100vw, 768px\" \/><\/a><\/div><h3 class=\"cmsmasters-blog__post-title\"><a href=\"https:\/\/drcsertan.hu\/en\/2025\/02\/26\/a-csaladtagjat-az-orokleskor-ismeri-meg-igazan-az-ember\/\">You really get to know your family member when you inherit.<\/a><\/h3><div class=\"cmsmasters-blog__post-excerpt\">It&#039;s a bitter saying, but unfortunately it&#039;s true. To prevent this saying from making sense in our own family, it&#039;s worth being aware of the possibility and rules of making a will.<\/div><div class=\"cmsmasters-blog__post_footer\"><a class=\"cmsmasters-blog__post__read_more cmsmasters-theme-button\" href=\"https:\/\/drcsertan.hu\/en\/2025\/02\/26\/a-csaladtagjat-az-orokleskor-ismeri-meg-igazan-az-ember\/\"><span>I&#039;m reading more<\/span><\/a><\/div><\/div><\/article><article id=\"post-1398\" class=\"cmsmasters-blog__post post-1398 post type-post status-publish format-standard has-post-thumbnail hentry category-uncategorized\"><div class=\"cmsmasters-blog__post-inner\"><div class=\"cmsmasters-blog__post-thumbnail\"><a href=\"https:\/\/drcsertan.hu\/en\/2024\/03\/05\/ingatlan-adasveteli-szerzodesek-tudnivalok\/\" class=\"cmsmasters-blog__post-thumbnail__inner\"><img decoding=\"async\" width=\"768\" height=\"512\" src=\"https:\/\/drcsertan.hu\/wp-content\/uploads\/2024\/03\/businessman-ready-take-notes-empty-note-pad-1-30x20.jpg\" class=\"attachment-medium_large size-medium_large wp-image-39310 cmsmasters_img cmsmasters-lazyload lazyload\" alt=\"\" data-sizes=\"(max-width: 768px) 100vw, 768px\" data-src=\"https:\/\/drcsertan.hu\/wp-content\/uploads\/2024\/03\/businessman-ready-take-notes-empty-note-pad-1-768x512.jpg\" data-srcset=\"https:\/\/drcsertan.hu\/wp-content\/uploads\/2024\/03\/businessman-ready-take-notes-empty-note-pad-1-768x512.jpg 768w, https:\/\/drcsertan.hu\/wp-content\/uploads\/2024\/03\/businessman-ready-take-notes-empty-note-pad-1-300x200.jpg 300w, https:\/\/drcsertan.hu\/wp-content\/uploads\/2024\/03\/businessman-ready-take-notes-empty-note-pad-1-1024x683.jpg 1024w, https:\/\/drcsertan.hu\/wp-content\/uploads\/2024\/03\/businessman-ready-take-notes-empty-note-pad-1-1536x1024.jpg 1536w, https:\/\/drcsertan.hu\/wp-content\/uploads\/2024\/03\/businessman-ready-take-notes-empty-note-pad-1-450x300.jpg 450w, https:\/\/drcsertan.hu\/wp-content\/uploads\/2024\/03\/businessman-ready-take-notes-empty-note-pad-1-30x20.jpg 30w, https:\/\/drcsertan.hu\/wp-content\/uploads\/2024\/03\/businessman-ready-take-notes-empty-note-pad-1-15x10.jpg 15w, https:\/\/drcsertan.hu\/wp-content\/uploads\/2024\/03\/businessman-ready-take-notes-empty-note-pad-1.jpg 1600w\" srcset=\"https:\/\/drcsertan.hu\/wp-content\/uploads\/2024\/03\/businessman-ready-take-notes-empty-note-pad-1-30x20.jpg 30w, https:\/\/drcsertan.hu\/wp-content\/uploads\/2024\/03\/businessman-ready-take-notes-empty-note-pad-1-300x200.jpg 300w, https:\/\/drcsertan.hu\/wp-content\/uploads\/2024\/03\/businessman-ready-take-notes-empty-note-pad-1-1024x683.jpg 1024w, https:\/\/drcsertan.hu\/wp-content\/uploads\/2024\/03\/businessman-ready-take-notes-empty-note-pad-1-768x512.jpg 768w, https:\/\/drcsertan.hu\/wp-content\/uploads\/2024\/03\/businessman-ready-take-notes-empty-note-pad-1-1536x1024.jpg 1536w, https:\/\/drcsertan.hu\/wp-content\/uploads\/2024\/03\/businessman-ready-take-notes-empty-note-pad-1-450x300.jpg 450w, https:\/\/drcsertan.hu\/wp-content\/uploads\/2024\/03\/businessman-ready-take-notes-empty-note-pad-1-15x10.jpg 15w, https:\/\/drcsertan.hu\/wp-content\/uploads\/2024\/03\/businessman-ready-take-notes-empty-note-pad-1.jpg 1600w\" sizes=\"(max-width: 768px) 100vw, 768px\" \/><\/a><\/div><h3 class=\"cmsmasters-blog__post-title\"><a href=\"https:\/\/drcsertan.hu\/en\/2024\/03\/05\/ingatlan-adasveteli-szerzodesek-tudnivalok\/\">Real estate purchase and sale contracts: information<\/a><\/h3><div class=\"cmsmasters-blog__post-excerpt\">Moving in the real estate market always requires serious caution, especially because a significant portion of Clients only enter into such major contracts 1-2 times in their lives. The...<\/div><div class=\"cmsmasters-blog__post_footer\"><a class=\"cmsmasters-blog__post__read_more cmsmasters-theme-button\" href=\"https:\/\/drcsertan.hu\/en\/2024\/03\/05\/ingatlan-adasveteli-szerzodesek-tudnivalok\/\"><span>I&#039;m reading more<\/span><\/a><\/div><\/div><\/article><\/div><\/div><\/div><\/div>\t\t\t\t<\/div>\n\t\t\t\t<\/div>\n\t\t\t\t\t<\/div>\n\t\t\t\t<\/div>\n\t\t\t\t<\/div>","protected":false},"excerpt":{"rendered":"<p>Kezd\u0151lap\/No breadcrumbs<\/p>","protected":false},"author":1,"featured_media":0,"parent":0,"menu_order":0,"comment_status":"closed","ping_status":"closed","template":"","meta":{"_acf_changed":false,"inline_featured_image":false,"_monsterinsights_skip_tracking":false,"_monsterinsights_sitenote_active":false,"_monsterinsights_sitenote_note":"","_monsterinsights_sitenote_category":0,"footnotes":""},"class_list":["post-1457","page","type-page","status-publish","hentry"],"acf":[],"yoast_head":"<!-- This site is optimized with the Yoast SEO plugin v26.5 - https:\/\/yoast.com\/wordpress\/plugins\/seo\/ -->\n<title>Blog - Dr. Csert\u00e1n Bal\u00e1zs<\/title>\n<meta name=\"robots\" content=\"index, follow, max-snippet:-1, max-image-preview:large, max-video-preview:-1\" \/>\n<link rel=\"canonical\" href=\"https:\/\/drcsertan.hu\/en\/blog\/\" \/>\n<meta property=\"og:locale\" content=\"en_GB\" \/>\n<meta property=\"og:type\" content=\"article\" \/>\n<meta property=\"og:title\" content=\"Blog - Dr. Csert\u00e1n Bal\u00e1zs\" \/>\n<meta property=\"og:description\" content=\"Kezd\u0151lap\/No breadcrumbs\" \/>\n<meta property=\"og:url\" content=\"https:\/\/drcsertan.hu\/en\/blog\/\" \/>\n<meta property=\"og:site_name\" content=\"Dr. Csert\u00e1n Bal\u00e1zs\" \/>\n<meta property=\"article:modified_time\" content=\"2025-02-27T09:12:04+00:00\" \/>\n<meta name=\"twitter:card\" content=\"summary_large_image\" \/>\n<script type=\"application\/ld+json\" class=\"yoast-schema-graph\">{\"@context\":\"https:\/\/schema.org\",\"@graph\":[{\"@type\":\"WebPage\",\"@id\":\"https:\/\/drcsertan.hu\/blog\/\",\"url\":\"https:\/\/drcsertan.hu\/blog\/\",\"name\":\"Blog - Dr. Csert\u00e1n Bal\u00e1zs\",\"isPartOf\":{\"@id\":\"https:\/\/drcsertan.hu\/#website\"},\"datePublished\":\"2023-08-11T11:19:21+00:00\",\"dateModified\":\"2025-02-27T09:12:04+00:00\",\"breadcrumb\":{\"@id\":\"https:\/\/drcsertan.hu\/blog\/#breadcrumb\"},\"inLanguage\":\"en-GB\",\"potentialAction\":[{\"@type\":\"ReadAction\",\"target\":[\"https:\/\/drcsertan.hu\/blog\/\"]}]},{\"@type\":\"BreadcrumbList\",\"@id\":\"https:\/\/drcsertan.hu\/blog\/#breadcrumb\",\"itemListElement\":[{\"@type\":\"ListItem\",\"position\":1,\"name\":\"Kezd\u0151lap\",\"item\":\"https:\/\/drcsertan.hu\/\"},{\"@type\":\"ListItem\",\"position\":2,\"name\":\"Blog\"}]},{\"@type\":\"WebSite\",\"@id\":\"https:\/\/drcsertan.hu\/#website\",\"url\":\"https:\/\/drcsertan.hu\/\",\"name\":\"Dr. Csert\u00e1n Bal\u00e1zs\",\"description\":\"Dr. Csert\u00e1n Bal\u00e1zs \u00fcgyv\u00e9d\",\"potentialAction\":[{\"@type\":\"SearchAction\",\"target\":{\"@type\":\"EntryPoint\",\"urlTemplate\":\"https:\/\/drcsertan.hu\/?s={search_term_string}\"},\"query-input\":{\"@type\":\"PropertyValueSpecification\",\"valueRequired\":true,\"valueName\":\"search_term_string\"}}],\"inLanguage\":\"en-GB\"}]}<\/script>\n<!-- \/ Yoast SEO plugin. -->","yoast_head_json":{"title":"Blog - Dr. Csert\u00e1n Bal\u00e1zs","robots":{"index":"index","follow":"follow","max-snippet":"max-snippet:-1","max-image-preview":"max-image-preview:large","max-video-preview":"max-video-preview:-1"},"canonical":"https:\/\/drcsertan.hu\/en\/blog\/","og_locale":"en_GB","og_type":"article","og_title":"Blog - Dr. Csert\u00e1n Bal\u00e1zs","og_description":"Kezd\u0151lap\/No breadcrumbs","og_url":"https:\/\/drcsertan.hu\/en\/blog\/","og_site_name":"Dr. Csert\u00e1n Bal\u00e1zs","article_modified_time":"2025-02-27T09:12:04+00:00","twitter_card":"summary_large_image","schema":{"@context":"https:\/\/schema.org","@graph":[{"@type":"WebPage","@id":"https:\/\/drcsertan.hu\/blog\/","url":"https:\/\/drcsertan.hu\/blog\/","name":"Blog - Dr. Csert\u00e1n Bal\u00e1zs","isPartOf":{"@id":"https:\/\/drcsertan.hu\/#website"},"datePublished":"2023-08-11T11:19:21+00:00","dateModified":"2025-02-27T09:12:04+00:00","breadcrumb":{"@id":"https:\/\/drcsertan.hu\/blog\/#breadcrumb"},"inLanguage":"en-GB","potentialAction":[{"@type":"ReadAction","target":["https:\/\/drcsertan.hu\/blog\/"]}]},{"@type":"BreadcrumbList","@id":"https:\/\/drcsertan.hu\/blog\/#breadcrumb","itemListElement":[{"@type":"ListItem","position":1,"name":"Kezd\u0151lap","item":"https:\/\/drcsertan.hu\/"},{"@type":"ListItem","position":2,"name":"Blog"}]},{"@type":"WebSite","@id":"https:\/\/drcsertan.hu\/#website","url":"https:\/\/drcsertan.hu\/","name":"Dr. Bal\u00e1zs Csertan","description":"Dr. Bal\u00e1zs Csert\u00e1n, attorney","potentialAction":[{"@type":"SearchAction","target":{"@type":"EntryPoint","urlTemplate":"https:\/\/drcsertan.hu\/?s={search_term_string}"},"query-input":{"@type":"PropertyValueSpecification","valueRequired":true,"valueName":"search_term_string"}}],"inLanguage":"en-GB"}]}},"_links":{"self":[{"href":"https:\/\/drcsertan.hu\/en\/wp-json\/wp\/v2\/pages\/1457","targetHints":{"allow":["GET"]}}],"collection":[{"href":"https:\/\/drcsertan.hu\/en\/wp-json\/wp\/v2\/pages"}],"about":[{"href":"https:\/\/drcsertan.hu\/en\/wp-json\/wp\/v2\/types\/page"}],"author":[{"embeddable":true,"href":"https:\/\/drcsertan.hu\/en\/wp-json\/wp\/v2\/users\/1"}],"replies":[{"embeddable":true,"href":"https:\/\/drcsertan.hu\/en\/wp-json\/wp\/v2\/comments?post=1457"}],"version-history":[{"count":0,"href":"https:\/\/drcsertan.hu\/en\/wp-json\/wp\/v2\/pages\/1457\/revisions"}],"wp:attachment":[{"href":"https:\/\/drcsertan.hu\/en\/wp-json\/wp\/v2\/media?parent=1457"}],"curies":[{"name":"wp","href":"https:\/\/api.w.org\/{rel}","templated":true}]}}